{"id":109,"date":"2023-07-27T07:22:35","date_gmt":"2023-07-27T07:22:35","guid":{"rendered":"https:\/\/oefeb2024.phwien.ac.at\/?page_id=109"},"modified":"2023-10-11T13:01:00","modified_gmt":"2023-10-11T13:01:00","slug":"anreise","status":"publish","type":"page","link":"https:\/\/oefeb2024.phwien.ac.at\/index.php\/startseite\/anmeldung\/anreise\/","title":{"rendered":"Anreise"},"content":{"rendered":"\t\t<div data-elementor-type=\"wp-page\" data-elementor-id=\"109\" class=\"elementor elementor-109\" data-elementor-post-type=\"page\">\n\t\t\t\t\t\t\t<div class=\"elementor-element elementor-element-5af28a9b e-flex e-con-boxed e-con\" data-id=\"5af28a9b\" data-element_type=\"container\" data-settings=\"{&quot;content_width&quot;:&quot;boxed&quot;}\">\n\t\t\t\t\t<div class=\"e-con-inner\">\n\t\t<div class=\"elementor-element elementor-element-5d5ee2de e-con-full e-flex e-con\" data-id=\"5d5ee2de\" data-element_type=\"container\" data-settings=\"{&quot;content_width&quot;:&quot;full&quot;}\">\n\t\t\t\t<div class=\"elementor-element elementor-element-4a6c2f85 elementor-widget elementor-widget-heading\" data-id=\"4a6c2f85\" data-element_type=\"widget\" data-widget_type=\"heading.default\">\n\t\t\t\t<div class=\"elementor-widget-container\">\n\t\t\t<style>\/*! elementor - v3.15.0 - 31-07-2023 *\/\n.elementor-heading-title{padding:0;margin:0;line-height:1}.elementor-widget-heading .elementor-heading-title[class*=elementor-size-]>a{color:inherit;font-size:inherit;line-height:inherit}.elementor-widget-heading .elementor-heading-title.elementor-size-small{font-size:15px}.elementor-widget-heading .elementor-heading-title.elementor-size-medium{font-size:19px}.elementor-widget-heading .elementor-heading-title.elementor-size-large{font-size:29px}.elementor-widget-heading .elementor-heading-title.elementor-size-xl{font-size:39px}.elementor-widget-heading .elementor-heading-title.elementor-size-xxl{font-size:59px}<\/style><h2 class=\"elementor-heading-title elementor-size-default\">Anreise<\/h2>\t\t<\/div>\n\t\t\t\t<\/div>\n\t\t\t\t<div class=\"elementor-element elementor-element-01570e9 elementor-widget elementor-widget-heading\" data-id=\"01570e9\" data-element_type=\"widget\" data-widget_type=\"heading.default\">\n\t\t\t\t<div class=\"elementor-widget-container\">\n\t\t\t<h3 class=\"elementor-heading-title elementor-size-default\">\u00d6ffentliche Verkehrsmittel<\/h3>\t\t<\/div>\n\t\t\t\t<\/div>\n\t\t\t\t<div class=\"elementor-element elementor-element-890a791 elementor-widget elementor-widget-text-editor\" data-id=\"890a791\" data-element_type=\"widget\" data-widget_type=\"text-editor.default\">\n\t\t\t\t<div class=\"elementor-widget-container\">\n\t\t\t<style>\/*! elementor - v3.15.0 - 31-07-2023 *\/\n.elementor-widget-text-editor.elementor-drop-cap-view-stacked .elementor-drop-cap{background-color:#69727d;color:#fff}.elementor-widget-text-editor.elementor-drop-cap-view-framed .elementor-drop-cap{color:#69727d;border:3px solid;background-color:transparent}.elementor-widget-text-editor:not(.elementor-drop-cap-view-default) .elementor-drop-cap{margin-top:8px}.elementor-widget-text-editor:not(.elementor-drop-cap-view-default) .elementor-drop-cap-letter{width:1em;height:1em}.elementor-widget-text-editor .elementor-drop-cap{float:left;text-align:center;line-height:1;font-size:50px}.elementor-widget-text-editor .elementor-drop-cap-letter{display:inline-block}<\/style>\t\t\t\t<h4><span style=\"color: #2d2384;\">Von Westbahnhof kommend<\/span><\/h4><ul><li><span style=\"color: #242424;\">U-Bahn-Linie U6 Richtung Siebenhirten bis Bahnhof Meidling (Ausgang Schedifkaplatz)<\/span><\/li><li><span style=\"color: #242424;\">Autobus-Linie 15A Richtung Enkplatz U\/Grillgasse bis Daumgasse (Fu\u00dfweg siehe \u00dcbersichtsplan)<\/span><\/li><\/ul><h4><span style=\"color: #2d2384;\">Vom Hauptbahnhof\u00a0 kommend<\/span><\/h4><ul><li><span style=\"color: #242424;\">U-Bahn-Linie U1 Richtung Oberlaa bis Altes Landgut<\/span><\/li><li><span style=\"color: #242424;\">Autobus-Linie 15A Richtung Enkplatz U\/Grillgasse bis Daumgasse (Fu\u00dfweg siehe \u00dcbersichtsplan)<\/span><\/li><\/ul><p style=\"padding-left: 40px;\"><span style=\"text-decoration: underline;\"><span style=\"color: #242424; text-decoration: underline;\">oder<\/span><\/span><\/p><ul><li><span style=\"color: #242424;\">U-Bahn Linie U1 Richtung Oberlaa bis Troststra\u00dfe<\/span><\/li><li><span style=\"color: #242424;\">ca. 9 Gehminuten (Fu\u00dfweg siehe \u00dcbersichtsplan)<\/span><\/li><\/ul><h4><span style=\"color: #2d2384;\">Vom Bahnhof Meidling (Ausgang Schedifkaplatz kommend)<\/span><\/h4><ul><li><span style=\"color: #242424;\">Autobus-Linie 15A Richtung Enkplatz U\/Grillgasse bis Daumgasse (Fu\u00dfweg siehe \u00dcbersichtsplan)<\/span><\/li><\/ul>\t\t\t\t\t\t<\/div>\n\t\t\t\t<\/div>\n\t\t\t\t<\/div>\n\t\t<div class=\"elementor-element elementor-element-f2c73ac e-con-full e-flex e-con\" data-id=\"f2c73ac\" data-element_type=\"container\" data-settings=\"{&quot;content_width&quot;:&quot;full&quot;}\">\n\t\t<div class=\"elementor-element elementor-element-7336b966 e-flex e-con-boxed e-con\" data-id=\"7336b966\" data-element_type=\"container\" data-settings=\"{&quot;content_width&quot;:&quot;boxed&quot;}\">\n\t\t\t\t\t<div class=\"e-con-inner\">\n\t\t\t\t<div class=\"elementor-element elementor-element-3827b91e elementor-widget elementor-widget-heading\" data-id=\"3827b91e\" data-element_type=\"widget\" data-widget_type=\"heading.default\">\n\t\t\t\t<div class=\"elementor-widget-container\">\n\t\t\t<h3 class=\"elementor-heading-title elementor-size-default\">Pre-Conference<\/h3>\t\t<\/div>\n\t\t\t\t<\/div>\n\t\t\t\t<div class=\"elementor-element elementor-element-21146df6 elementor-widget elementor-widget-text-editor\" data-id=\"21146df6\" data-element_type=\"widget\" data-widget_type=\"text-editor.default\">\n\t\t\t\t<div class=\"elementor-widget-container\">\n\t\t\t\t\t\t\t<p><span style=\"color: #000000;\"><strong>24. September 2024<\/strong><\/span><\/p>\t\t\t\t\t\t<\/div>\n\t\t\t\t<\/div>\n\t\t\t\t<div class=\"elementor-element elementor-element-5e9338f1 elementor-align-center elementor-widget elementor-widget-button\" data-id=\"5e9338f1\" data-element_type=\"widget\" data-widget_type=\"button.default\">\n\t\t\t\t<div class=\"elementor-widget-container\">\n\t\t\t\t\t<div class=\"elementor-button-wrapper\">\n\t\t\t<a class=\"elementor-button elementor-button-link elementor-size-sm\" href=\"https:\/\/oefeb2024.phwien.ac.at\/index.php\/startseite\/emerging-researcher\/\" target=\"_blank\">\n\t\t\t\t\t\t<span class=\"elementor-button-content-wrapper\">\n\t\t\t\t\t\t<span class=\"elementor-button-text\">ANMELDEN<\/span>\n\t\t<\/span>\n\t\t\t\t\t<\/a>\n\t\t<\/div>\n\t\t\t\t<\/div>\n\t\t\t\t<\/div>\n\t\t\t\t\t<\/div>\n\t\t\t\t<\/div>\n\t\t<div class=\"elementor-element elementor-element-104faca2 e-flex e-con-boxed e-con\" data-id=\"104faca2\" data-element_type=\"container\" data-settings=\"{&quot;content_width&quot;:&quot;boxed&quot;}\">\n\t\t\t\t\t<div class=\"e-con-inner\">\n\t\t\t\t<div class=\"elementor-element elementor-element-7bc332c1 elementor-widget elementor-widget-heading\" data-id=\"7bc332c1\" data-element_type=\"widget\" data-widget_type=\"heading.default\">\n\t\t\t\t<div class=\"elementor-widget-container\">\n\t\t\t<h3 class=\"elementor-heading-title elementor-size-default\">Kongress<\/h3>\t\t<\/div>\n\t\t\t\t<\/div>\n\t\t\t\t<div class=\"elementor-element elementor-element-63e5d38d elementor-widget elementor-widget-text-editor\" data-id=\"63e5d38d\" data-element_type=\"widget\" data-widget_type=\"text-editor.default\">\n\t\t\t\t<div class=\"elementor-widget-container\">\n\t\t\t\t\t\t\t<p><span style=\"color: #000000;\"><strong>24. &#8211; 27. September 2024<\/strong><\/span><\/p>\t\t\t\t\t\t<\/div>\n\t\t\t\t<\/div>\n\t\t\t\t<div class=\"elementor-element elementor-element-7dcfd8ef elementor-align-center elementor-widget elementor-widget-button\" data-id=\"7dcfd8ef\" data-element_type=\"widget\" data-widget_type=\"button.default\">\n\t\t\t\t<div class=\"elementor-widget-container\">\n\t\t\t\t\t<div class=\"elementor-button-wrapper\">\n\t\t\t<a class=\"elementor-button elementor-button-link elementor-size-sm\" href=\"https:\/\/oefeb2024.phwien.ac.at\/index.php\/startseite\/anmeldung\/\" target=\"_blank\">\n\t\t\t\t\t\t<span class=\"elementor-button-content-wrapper\">\n\t\t\t\t\t\t<span class=\"elementor-button-text\">ANMELDEN<\/span>\n\t\t<\/span>\n\t\t\t\t\t<\/a>\n\t\t<\/div>\n\t\t\t\t<\/div>\n\t\t\t\t<\/div>\n\t\t\t\t\t<\/div>\n\t\t\t\t<\/div>\n\t\t\t\t<div class=\"elementor-element elementor-element-1f2f5974 elementor-nav-menu__align-center elementor-nav-menu__text-align-center elementor-nav-menu--dropdown-tablet elementor-widget elementor-widget-nav-menu\" data-id=\"1f2f5974\" data-element_type=\"widget\" data-settings=\"{&quot;layout&quot;:&quot;vertical&quot;,&quot;submenu_icon&quot;:{&quot;value&quot;:&quot;&lt;i class=\\&quot;\\&quot;&gt;&lt;\\\/i&gt;&quot;,&quot;library&quot;:&quot;&quot;},&quot;_animation&quot;:&quot;none&quot;}\" data-widget_type=\"nav-menu.default\">\n\t\t\t\t<div class=\"elementor-widget-container\">\n\t\t\t<link rel=\"stylesheet\" href=\"https:\/\/oefeb2024.phwien.ac.at\/wp-content\/plugins\/elementor-pro\/assets\/css\/widget-nav-menu.min.css\">\t\t\t<nav class=\"elementor-nav-menu--main elementor-nav-menu__container elementor-nav-menu--layout-vertical e--pointer-framed e--animation-fade\">\n\t\t\t\t<ul id=\"menu-1-1f2f5974\" class=\"elementor-nav-menu sm-vertical\"><li class=\"menu-item menu-item-type-post_type menu-item-object-page menu-item-2401\"><a href=\"https:\/\/oefeb2024.phwien.ac.at\/index.php\/startseite\/info\/\" class=\"elementor-item\">Information<\/a><\/li>\n<li class=\"menu-item menu-item-type-post_type menu-item-object-page menu-item-2381\"><a href=\"https:\/\/oefeb2024.phwien.ac.at\/index.php\/startseite\/anmeldung\/anreise\/\" class=\"elementor-item\">Anreise<\/a><\/li>\n<li class=\"menu-item menu-item-type-post_type menu-item-object-page menu-item-2380\"><a href=\"https:\/\/oefeb2024.phwien.ac.at\/index.php\/startseite\/anmeldung\/hotelempfehlungen\/\" class=\"elementor-item\">Hotelempfehlungen<\/a><\/li>\n<li class=\"menu-item menu-item-type-post_type menu-item-object-page menu-item-2383\"><a href=\"https:\/\/oefeb2024.phwien.ac.at\/index.php\/startseite\/kontakt\/\" class=\"elementor-item\">Kontakt<\/a><\/li>\n<li class=\"menu-item menu-item-type-post_type menu-item-object-page menu-item-2382\"><a href=\"https:\/\/oefeb2024.phwien.ac.at\/index.php\/startseite\/impressum\/\" class=\"elementor-item\">Impressum<\/a><\/li>\n<li class=\"menu-item menu-item-type-post_type menu-item-object-page menu-item-2385\"><a href=\"https:\/\/oefeb2024.phwien.ac.at\/index.php\/startseite\/impressum\/datenschutzerklaerung\/\" class=\"elementor-item\">Datenschutz<\/a><\/li>\n<\/ul>\t\t\t<\/nav>\n\t\t\t\t\t\t<nav class=\"elementor-nav-menu--dropdown elementor-nav-menu__container\" aria-hidden=\"true\">\n\t\t\t\t<ul id=\"menu-2-1f2f5974\" class=\"elementor-nav-menu sm-vertical\"><li class=\"menu-item menu-item-type-post_type menu-item-object-page menu-item-2401\"><a href=\"https:\/\/oefeb2024.phwien.ac.at\/index.php\/startseite\/info\/\" class=\"elementor-item\" tabindex=\"-1\">Information<\/a><\/li>\n<li class=\"menu-item menu-item-type-post_type menu-item-object-page menu-item-2381\"><a href=\"https:\/\/oefeb2024.phwien.ac.at\/index.php\/startseite\/anmeldung\/anreise\/\" class=\"elementor-item\" tabindex=\"-1\">Anreise<\/a><\/li>\n<li class=\"menu-item menu-item-type-post_type menu-item-object-page menu-item-2380\"><a href=\"https:\/\/oefeb2024.phwien.ac.at\/index.php\/startseite\/anmeldung\/hotelempfehlungen\/\" class=\"elementor-item\" tabindex=\"-1\">Hotelempfehlungen<\/a><\/li>\n<li class=\"menu-item menu-item-type-post_type menu-item-object-page menu-item-2383\"><a href=\"https:\/\/oefeb2024.phwien.ac.at\/index.php\/startseite\/kontakt\/\" class=\"elementor-item\" tabindex=\"-1\">Kontakt<\/a><\/li>\n<li class=\"menu-item menu-item-type-post_type menu-item-object-page menu-item-2382\"><a href=\"https:\/\/oefeb2024.phwien.ac.at\/index.php\/startseite\/impressum\/\" class=\"elementor-item\" tabindex=\"-1\">Impressum<\/a><\/li>\n<li class=\"menu-item menu-item-type-post_type menu-item-object-page menu-item-2385\"><a href=\"https:\/\/oefeb2024.phwien.ac.at\/index.php\/startseite\/impressum\/datenschutzerklaerung\/\" class=\"elementor-item\" tabindex=\"-1\">Datenschutz<\/a><\/li>\n<\/ul>\t\t\t<\/nav>\n\t\t\t\t<\/div>\n\t\t\t\t<\/div>\n\t\t\t\t<\/div>\n\t\t\t\t\t<\/div>\n\t\t\t\t<\/div>\n\t\t<div class=\"elementor-element elementor-element-62425fd e-flex e-con-boxed e-con\" data-id=\"62425fd\" data-element_type=\"container\" data-settings=\"{&quot;content_width&quot;:&quot;boxed&quot;}\">\n\t\t\t\t\t<div class=\"e-con-inner\">\n\t\t<div class=\"elementor-element elementor-element-e552aa8 e-flex e-con-boxed e-con\" data-id=\"e552aa8\" data-element_type=\"container\" data-settings=\"{&quot;content_width&quot;:&quot;boxed&quot;}\">\n\t\t\t\t\t<div class=\"e-con-inner\">\n\t\t\t\t<div class=\"elementor-element elementor-element-4c71f82 elementor-widget elementor-widget-heading\" data-id=\"4c71f82\" data-element_type=\"widget\" data-widget_type=\"heading.default\">\n\t\t\t\t<div class=\"elementor-widget-container\">\n\t\t\t<h3 class=\"elementor-heading-title elementor-size-default\">Mit dem Auto<\/h3>\t\t<\/div>\n\t\t\t\t<\/div>\n\t\t\t\t<div class=\"elementor-element elementor-element-8bf1919 elementor-widget elementor-widget-text-editor\" data-id=\"8bf1919\" data-element_type=\"widget\" data-widget_type=\"text-editor.default\">\n\t\t\t\t<div class=\"elementor-widget-container\">\n\t\t\t\t\t\t\t<p><span style=\"color: #2d2384;\">Von der Westautobahn (A1) kommend<\/span><\/p><ul><li><span style=\"color: #242424;\">Knoten Steinh\u00e4usl auf A21 in Richtung Wien S\u00fcd\/Ost\/Graz<\/span><\/li><li><span style=\"color: #242424;\">Richtung Wien\/Wien Zentrum\/Favoriten\/Altmannsdorf<\/span><\/li><li><span style=\"color: #242424;\">links halten in Richtung A23 Wien\/Favoriten<\/span><\/li><li><span style=\"color: #242424;\">Ausfahrt Richtung Favoriten<\/span><\/li><li><span style=\"color: #242424;\">Im Kreisverkehr Ausfahrt Grenzackerstra\u00dfe\u00a0<\/span><\/li><li><span style=\"color: #242424;\">bei erster Ampel nach Kreisverkehr rechts abbiegen in Daumgasse<\/span><\/li><\/ul><h4><span style=\"color: #2d2384;\">Von der S\u00fcdautobahn (A2) kommend<\/span><\/h4><ul><li><span style=\"color: #242424;\">Richtung Wien\/Wien Zentrum\/Favoriten\/Altmanndorf<\/span><\/li><li><span style=\"color: #242424;\">links halten in Richtung A23 Wien\/Favoriten<\/span><\/li><li><span style=\"color: #242424;\">Ausfahrt Richtung Favoriten<\/span><\/li><li><span style=\"color: #242424;\">Im Kreisverkehr Ausfahrt Grenzackerstra\u00dfe\u00a0<\/span><\/li><li><span style=\"color: #242424;\">bei erster Ampel nach Kreisverkehr rechts abbiegen in Daumgasse<\/span><\/li><\/ul><h4><span style=\"color: #2d2384;\">Von der Ostautobahn (A4) kommend<\/span><\/h4><ul><li><span style=\"color: #242424;\">Knoten Prater auf A2 Richtung Graz<\/span><\/li><li><span style=\"color: #242424;\">Ausfahrt Richtung Favoriten<\/span><\/li><li><span style=\"color: #242424;\">Im Kreisverkehr Ausfahrt Grenzackerstra\u00dfe\u00a0<\/span><\/li><li><span style=\"color: #242424;\">bei erster Ampel nach Kreisverkehr rechts abbiegen in Daumgasse<\/span><\/li><\/ul>\t\t\t\t\t\t<\/div>\n\t\t\t\t<\/div>\n\t\t\t\t<div class=\"elementor-element elementor-element-dc65ca9 elementor-widget elementor-widget-heading\" data-id=\"dc65ca9\" data-element_type=\"widget\" data-widget_type=\"heading.default\">\n\t\t\t\t<div class=\"elementor-widget-container\">\n\t\t\t<h2 class=\"elementor-heading-title elementor-size-default\">\u00dcbersichtsplan P\u00e4dagogische Hochschule Wien<\/h2>\t\t<\/div>\n\t\t\t\t<\/div>\n\t\t\t\t\t<\/div>\n\t\t\t\t<\/div>\n\t\t\t\t<div class=\"elementor-element elementor-element-8c5ecad elementor-widget elementor-widget-image\" data-id=\"8c5ecad\" data-element_type=\"widget\" data-widget_type=\"image.default\">\n\t\t\t\t<div class=\"elementor-widget-container\">\n\t\t\t<style>\/*! elementor - v3.15.0 - 31-07-2023 *\/\n.elementor-widget-image{text-align:center}.elementor-widget-image a{display:inline-block}.elementor-widget-image a img[src$=\".svg\"]{width:48px}.elementor-widget-image img{vertical-align:middle;display:inline-block}<\/style>\t\t\t\t\t\t\t\t\t\t\t\t<img loading=\"lazy\" decoding=\"async\" width=\"1024\" height=\"724\" src=\"https:\/\/oefeb2024.phwien.ac.at\/wp-content\/uploads\/2023\/09\/PHW-Anfahrtsplan-1024x724.png\" class=\"attachment-large size-large wp-image-1936\" alt=\"\" srcset=\"https:\/\/oefeb2024.phwien.ac.at\/wp-content\/uploads\/2023\/09\/PHW-Anfahrtsplan-1024x724.png 1024w, https:\/\/oefeb2024.phwien.ac.at\/wp-content\/uploads\/2023\/09\/PHW-Anfahrtsplan-300x212.png 300w, https:\/\/oefeb2024.phwien.ac.at\/wp-content\/uploads\/2023\/09\/PHW-Anfahrtsplan-768x543.png 768w, https:\/\/oefeb2024.phwien.ac.at\/wp-content\/uploads\/2023\/09\/PHW-Anfahrtsplan.png 1311w\" sizes=\"auto, (max-width: 1024px) 100vw, 1024px\" \/>\t\t\t\t\t\t\t\t\t\t\t\t\t\t\t<\/div>\n\t\t\t\t<\/div>\n\t\t\t\t<div class=\"elementor-element elementor-element-32dcfea elementor-widget elementor-widget-text-editor\" data-id=\"32dcfea\" data-element_type=\"widget\" data-widget_type=\"text-editor.default\">\n\t\t\t\t<div class=\"elementor-widget-container\">\n\t\t\t\t\t\t\t<p><span style=\"color: #cc0000;\"><a style=\"color: #cc0000;\" href=\"https:\/\/oefeb2024.phwien.ac.at\/wp-content\/uploads\/2023\/07\/PHW-Anfahrtsplan.pdf\" target=\"_blank\" rel=\"noopener\">PHW-Anfahrtsplan<\/a><\/span><\/p>\t\t\t\t\t\t<\/div>\n\t\t\t\t<\/div>\n\t\t\t\t\t<\/div>\n\t\t\t\t<\/div>\n\t\t\t\t\t\t\t<\/div>\n\t\t","protected":false},"excerpt":{"rendered":"<p>Anreise \u00d6ffentliche Verkehrsmittel Von Westbahnhof kommend U-Bahn-Linie U6 Richtung Siebenhirten bis Bahnhof Meidling (Ausgang Schedifkaplatz) Autobus-Linie 15A Richtung Enkplatz U\/Grillgasse bis Daumgasse (Fu\u00dfweg siehe \u00dcbersichtsplan) Vom Hauptbahnhof\u00a0 kommend U-Bahn-Linie U1 Richtung Oberlaa bis Altes Landgut Autobus-Linie 15A Richtung Enkplatz U\/Grillgasse bis Daumgasse (Fu\u00dfweg siehe \u00dcbersichtsplan) oder U-Bahn Linie U1 Richtung Oberlaa bis Troststra\u00dfe ca. 9<span class=\"post-excerpt-end\">&hellip;<\/span><\/p>\n<p class=\"more-link\"><a href=\"https:\/\/oefeb2024.phwien.ac.at\/index.php\/startseite\/anmeldung\/anreise\/\" class=\"themebutton\">Read More<\/a><\/p>\n","protected":false},"author":1,"featured_media":0,"parent":66,"menu_order":0,"comment_status":"closed","ping_status":"closed","template":"","meta":{"footnotes":""},"class_list":["post-109","page","type-page","status-publish","hentry"],"_links":{"self":[{"href":"https:\/\/oefeb2024.phwien.ac.at\/index.php\/wp-json\/wp\/v2\/pages\/109","targetHints":{"allow":["GET"]}}],"collection":[{"href":"https:\/\/oefeb2024.phwien.ac.at\/index.php\/wp-json\/wp\/v2\/pages"}],"about":[{"href":"https:\/\/oefeb2024.phwien.ac.at\/index.php\/wp-json\/wp\/v2\/types\/page"}],"author":[{"embeddable":true,"href":"https:\/\/oefeb2024.phwien.ac.at\/index.php\/wp-json\/wp\/v2\/users\/1"}],"replies":[{"embeddable":true,"href":"https:\/\/oefeb2024.phwien.ac.at\/index.php\/wp-json\/wp\/v2\/comments?post=109"}],"version-history":[{"count":47,"href":"https:\/\/oefeb2024.phwien.ac.at\/index.php\/wp-json\/wp\/v2\/pages\/109\/revisions"}],"predecessor-version":[{"id":2453,"href":"https:\/\/oefeb2024.phwien.ac.at\/index.php\/wp-json\/wp\/v2\/pages\/109\/revisions\/2453"}],"up":[{"embeddable":true,"href":"https:\/\/oefeb2024.phwien.ac.at\/index.php\/wp-json\/wp\/v2\/pages\/66"}],"wp:attachment":[{"href":"https:\/\/oefeb2024.phwien.ac.at\/index.php\/wp-json\/wp\/v2\/media?parent=109"}],"curies":[{"name":"wp","href":"https:\/\/api.w.org\/{rel}","templated":true}]}}