{"id":205,"date":"2023-07-27T10:34:27","date_gmt":"2023-07-27T10:34:27","guid":{"rendered":"https:\/\/oefeb2024.phwien.ac.at\/?page_id=205"},"modified":"2024-01-05T08:26:12","modified_gmt":"2024-01-05T08:26:12","slug":"hotelempfehlungen","status":"publish","type":"page","link":"https:\/\/oefeb2024.phwien.ac.at\/index.php\/startseite\/anmeldung\/hotelempfehlungen\/","title":{"rendered":"Hotelempfehlungen"},"content":{"rendered":"\t\t<div data-elementor-type=\"wp-page\" data-elementor-id=\"205\" class=\"elementor elementor-205\" data-elementor-post-type=\"page\">\n\t\t\t\t\t\t\t<div class=\"elementor-element elementor-element-3b12df7 e-flex e-con-boxed e-con\" data-id=\"3b12df7\" data-element_type=\"container\" data-settings=\"{&quot;content_width&quot;:&quot;boxed&quot;}\">\n\t\t\t\t\t<div class=\"e-con-inner\">\n\t\t<div class=\"elementor-element elementor-element-b7eb4b5 e-con-full e-flex e-con\" data-id=\"b7eb4b5\" data-element_type=\"container\" data-settings=\"{&quot;content_width&quot;:&quot;full&quot;}\">\n\t\t\t\t<div class=\"elementor-element elementor-element-56cf309 elementor-widget elementor-widget-heading\" data-id=\"56cf309\" data-element_type=\"widget\" data-widget_type=\"heading.default\">\n\t\t\t\t<div class=\"elementor-widget-container\">\n\t\t\t<style>\/*! elementor - v3.15.0 - 31-07-2023 *\/\n.elementor-heading-title{padding:0;margin:0;line-height:1}.elementor-widget-heading .elementor-heading-title[class*=elementor-size-]>a{color:inherit;font-size:inherit;line-height:inherit}.elementor-widget-heading .elementor-heading-title.elementor-size-small{font-size:15px}.elementor-widget-heading .elementor-heading-title.elementor-size-medium{font-size:19px}.elementor-widget-heading .elementor-heading-title.elementor-size-large{font-size:29px}.elementor-widget-heading .elementor-heading-title.elementor-size-xl{font-size:39px}.elementor-widget-heading .elementor-heading-title.elementor-size-xxl{font-size:59px}<\/style><h2 class=\"elementor-heading-title elementor-size-default\">Hotelempfehlungen<\/h2>\t\t<\/div>\n\t\t\t\t<\/div>\n\t\t\t\t<div class=\"elementor-element elementor-element-daa2a25 elementor-widget elementor-widget-text-editor\" data-id=\"daa2a25\" data-element_type=\"widget\" data-widget_type=\"text-editor.default\">\n\t\t\t\t<div class=\"elementor-widget-container\">\n\t\t\t<style>\/*! elementor - v3.15.0 - 31-07-2023 *\/\n.elementor-widget-text-editor.elementor-drop-cap-view-stacked .elementor-drop-cap{background-color:#69727d;color:#fff}.elementor-widget-text-editor.elementor-drop-cap-view-framed .elementor-drop-cap{color:#69727d;border:3px solid;background-color:transparent}.elementor-widget-text-editor:not(.elementor-drop-cap-view-default) .elementor-drop-cap{margin-top:8px}.elementor-widget-text-editor:not(.elementor-drop-cap-view-default) .elementor-drop-cap-letter{width:1em;height:1em}.elementor-widget-text-editor .elementor-drop-cap{float:left;text-align:center;line-height:1;font-size:50px}.elementor-widget-text-editor .elementor-drop-cap-letter{display:inline-block}<\/style>\t\t\t\t<h4><span style=\"color: #2d2384;\"><strong><span style=\"text-decoration: underline;\"><span style=\"color: #cc0000; text-decoration: underline;\"><a style=\"color: #cc0000; text-decoration: underline;\" href=\"https:\/\/www.discoverasr.com\/en\/citadines\/austria\/citadines-south-vienna\" target=\"_blank\" rel=\"noopener\">Citadines South Vienna<\/a><\/span><br \/><\/span><\/strong><\/span><\/h4><p><span style=\"color: #242424;\">Triesterstra\u00dfe 27<\/span><br \/><span style=\"color: #242424;\">1100 Wien<\/span><\/p><p>Unter dem Buchungscode <span style=\"color: #cc0000;\"><strong>P5dag021<\/strong> <\/span>sind ab 01. J\u00e4nner 2024 Zimmer zu dem untenstehenden Preis hinterlegt.<\/p><ul><li>100,00 EUR pro Studio Apartment \/ Nacht inklusive Fr\u00fchst\u00fcck<\/li><li>105,00 EUR pro Studio Deluxe \/ Nacht inklusive Fr\u00fchst\u00fcck<\/li><li>110,00 EUR pro Studio Superior \/ Nacht inklusive Fr\u00fchst\u00fcck<\/li><\/ul>\t\t\t\t\t\t<\/div>\n\t\t\t\t<\/div>\n\t\t\t\t<div class=\"elementor-element elementor-element-3ed5985 elementor-widget elementor-widget-text-editor\" data-id=\"3ed5985\" data-element_type=\"widget\" data-widget_type=\"text-editor.default\">\n\t\t\t\t<div class=\"elementor-widget-container\">\n\t\t\t\t\t\t\t<h4><span style=\"text-decoration: underline;\"><span style=\"color: #cc0000; text-decoration: underline;\"><a style=\"color: #cc0000; text-decoration: underline;\" href=\"https:\/\/all.accor.com\/hotel\/8564\/index.de.shtml?dateIn=&amp;nights=&amp;compositions=1&amp;stayplus=false&amp;snu=false#origin=accor\" target=\"_blank\" rel=\"noopener\"><span style=\"color: #2d2384; text-decoration: underline;\">Ibis Wien Hauptbahnhof<\/span><\/a><\/span><\/span><\/h4><p><span style=\"color: #242424;\">Canettistra\u00dfe 8<br \/><\/span><span style=\"color: #242424; font-size: 16px; text-align: var(--text-align); letter-spacing: 0px;\">1100 Wien<\/span><\/p><p>F\u00fcr eine Reservierung zum untenstehenden Preis, f\u00fcllen Sie das <span style=\"color: #2d2384;\"><strong><a style=\"color: #2d2384;\" href=\"https:\/\/oefeb2024.phwien.ac.at\/wp-content\/uploads\/2023\/12\/Buchungsformular_AccorInvest-Group.docx\">Buchungsformular<\/a> <\/strong><\/span>aus und schicken Sie es an die E-Mail Adresse <span style=\"color: #2d2384;\"><a style=\"color: #2d2384;\" href=\"mailto:H8565@accor.com\"><strong>H8565@accor.com<\/strong><\/a><\/span>.<\/p><ul><li>\u20ac 139, &#8211; pro Doppelzimmer zur Einzelbelegung \/ Nacht<\/li><li>\u20ac 164, &#8211; pro Doppelzimmer zur Doppelbelegung \/ Nacht<\/li><\/ul>\t\t\t\t\t\t<\/div>\n\t\t\t\t<\/div>\n\t\t\t\t<\/div>\n\t\t<div class=\"elementor-element elementor-element-40ed29e e-con-full e-flex e-con\" data-id=\"40ed29e\" data-element_type=\"container\" data-settings=\"{&quot;content_width&quot;:&quot;full&quot;}\">\n\t\t<div class=\"elementor-element elementor-element-e8382ca e-flex e-con-boxed e-con\" data-id=\"e8382ca\" data-element_type=\"container\" data-settings=\"{&quot;content_width&quot;:&quot;boxed&quot;}\">\n\t\t\t\t\t<div class=\"e-con-inner\">\n\t\t\t\t<div class=\"elementor-element elementor-element-2ee2a033 elementor-widget elementor-widget-heading\" data-id=\"2ee2a033\" data-element_type=\"widget\" data-widget_type=\"heading.default\">\n\t\t\t\t<div class=\"elementor-widget-container\">\n\t\t\t<h3 class=\"elementor-heading-title elementor-size-default\">Pre-Conference<\/h3>\t\t<\/div>\n\t\t\t\t<\/div>\n\t\t\t\t<div class=\"elementor-element elementor-element-77809abd elementor-widget elementor-widget-text-editor\" data-id=\"77809abd\" data-element_type=\"widget\" data-widget_type=\"text-editor.default\">\n\t\t\t\t<div class=\"elementor-widget-container\">\n\t\t\t\t\t\t\t<p><span style=\"color: #000000;\"><strong>24. September 2024<\/strong><\/span><\/p>\t\t\t\t\t\t<\/div>\n\t\t\t\t<\/div>\n\t\t\t\t<div class=\"elementor-element elementor-element-51654147 elementor-align-center elementor-widget elementor-widget-button\" data-id=\"51654147\" data-element_type=\"widget\" data-widget_type=\"button.default\">\n\t\t\t\t<div class=\"elementor-widget-container\">\n\t\t\t\t\t<div class=\"elementor-button-wrapper\">\n\t\t\t<a class=\"elementor-button elementor-button-link elementor-size-sm\" href=\"https:\/\/bit.ly\/registrierungpreconference2024\" target=\"_blank\">\n\t\t\t\t\t\t<span class=\"elementor-button-content-wrapper\">\n\t\t\t\t\t\t<span class=\"elementor-button-text\">ANMELDEN<\/span>\n\t\t<\/span>\n\t\t\t\t\t<\/a>\n\t\t<\/div>\n\t\t\t\t<\/div>\n\t\t\t\t<\/div>\n\t\t\t\t\t<\/div>\n\t\t\t\t<\/div>\n\t\t<div class=\"elementor-element elementor-element-58867cce e-flex e-con-boxed e-con\" data-id=\"58867cce\" data-element_type=\"container\" data-settings=\"{&quot;content_width&quot;:&quot;boxed&quot;}\">\n\t\t\t\t\t<div class=\"e-con-inner\">\n\t\t\t\t<div class=\"elementor-element elementor-element-fc7b3b elementor-widget elementor-widget-heading\" data-id=\"fc7b3b\" data-element_type=\"widget\" data-widget_type=\"heading.default\">\n\t\t\t\t<div class=\"elementor-widget-container\">\n\t\t\t<h3 class=\"elementor-heading-title elementor-size-default\">Kongress<\/h3>\t\t<\/div>\n\t\t\t\t<\/div>\n\t\t\t\t<div class=\"elementor-element elementor-element-2c5917d6 elementor-widget elementor-widget-text-editor\" data-id=\"2c5917d6\" data-element_type=\"widget\" data-widget_type=\"text-editor.default\">\n\t\t\t\t<div class=\"elementor-widget-container\">\n\t\t\t\t\t\t\t<p><span style=\"color: #000000;\"><strong>24. &#8211; 27. September 2024<\/strong><\/span><\/p>\t\t\t\t\t\t<\/div>\n\t\t\t\t<\/div>\n\t\t\t\t<div class=\"elementor-element elementor-element-3bce83c3 elementor-align-center elementor-widget elementor-widget-button\" data-id=\"3bce83c3\" data-element_type=\"widget\" data-widget_type=\"button.default\">\n\t\t\t\t<div class=\"elementor-widget-container\">\n\t\t\t\t\t<div class=\"elementor-button-wrapper\">\n\t\t\t<a class=\"elementor-button elementor-button-link elementor-size-sm\" href=\"https:\/\/www.conftool.pro\/oefeb2024-phwien\/\" target=\"_blank\">\n\t\t\t\t\t\t<span class=\"elementor-button-content-wrapper\">\n\t\t\t\t\t\t<span class=\"elementor-button-text\">ANMELDEN<\/span>\n\t\t<\/span>\n\t\t\t\t\t<\/a>\n\t\t<\/div>\n\t\t\t\t<\/div>\n\t\t\t\t<\/div>\n\t\t\t\t\t<\/div>\n\t\t\t\t<\/div>\n\t\t\t\t<div class=\"elementor-element elementor-element-696165b7 elementor-nav-menu__align-center elementor-nav-menu__text-align-center elementor-nav-menu--dropdown-tablet elementor-widget elementor-widget-nav-menu\" data-id=\"696165b7\" data-element_type=\"widget\" data-settings=\"{&quot;layout&quot;:&quot;vertical&quot;,&quot;submenu_icon&quot;:{&quot;value&quot;:&quot;&lt;i class=\\&quot;\\&quot;&gt;&lt;\\\/i&gt;&quot;,&quot;library&quot;:&quot;&quot;},&quot;_animation&quot;:&quot;none&quot;}\" data-widget_type=\"nav-menu.default\">\n\t\t\t\t<div class=\"elementor-widget-container\">\n\t\t\t<link rel=\"stylesheet\" href=\"https:\/\/oefeb2024.phwien.ac.at\/wp-content\/plugins\/elementor-pro\/assets\/css\/widget-nav-menu.min.css\">\t\t\t<nav class=\"elementor-nav-menu--main elementor-nav-menu__container elementor-nav-menu--layout-vertical e--pointer-framed e--animation-fade\">\n\t\t\t\t<ul id=\"menu-1-696165b7\" class=\"elementor-nav-menu sm-vertical\"><li class=\"menu-item menu-item-type-post_type menu-item-object-page menu-item-2401\"><a href=\"https:\/\/oefeb2024.phwien.ac.at\/index.php\/startseite\/info\/\" class=\"elementor-item\">Information<\/a><\/li>\n<li class=\"menu-item menu-item-type-post_type menu-item-object-page menu-item-2381\"><a href=\"https:\/\/oefeb2024.phwien.ac.at\/index.php\/startseite\/anmeldung\/anreise\/\" class=\"elementor-item\">Anreise<\/a><\/li>\n<li class=\"menu-item menu-item-type-post_type menu-item-object-page menu-item-2380\"><a href=\"https:\/\/oefeb2024.phwien.ac.at\/index.php\/startseite\/anmeldung\/hotelempfehlungen\/\" class=\"elementor-item\">Hotelempfehlungen<\/a><\/li>\n<li class=\"menu-item menu-item-type-post_type menu-item-object-page menu-item-2383\"><a href=\"https:\/\/oefeb2024.phwien.ac.at\/index.php\/startseite\/kontakt\/\" class=\"elementor-item\">Kontakt<\/a><\/li>\n<li class=\"menu-item menu-item-type-post_type menu-item-object-page menu-item-2382\"><a href=\"https:\/\/oefeb2024.phwien.ac.at\/index.php\/startseite\/impressum\/\" class=\"elementor-item\">Impressum<\/a><\/li>\n<li class=\"menu-item menu-item-type-post_type menu-item-object-page menu-item-2385\"><a href=\"https:\/\/oefeb2024.phwien.ac.at\/index.php\/startseite\/impressum\/datenschutzerklaerung\/\" class=\"elementor-item\">Datenschutz<\/a><\/li>\n<\/ul>\t\t\t<\/nav>\n\t\t\t\t\t\t<nav class=\"elementor-nav-menu--dropdown elementor-nav-menu__container\" aria-hidden=\"true\">\n\t\t\t\t<ul id=\"menu-2-696165b7\" class=\"elementor-nav-menu sm-vertical\"><li class=\"menu-item menu-item-type-post_type menu-item-object-page menu-item-2401\"><a href=\"https:\/\/oefeb2024.phwien.ac.at\/index.php\/startseite\/info\/\" class=\"elementor-item\" tabindex=\"-1\">Information<\/a><\/li>\n<li class=\"menu-item menu-item-type-post_type menu-item-object-page menu-item-2381\"><a href=\"https:\/\/oefeb2024.phwien.ac.at\/index.php\/startseite\/anmeldung\/anreise\/\" class=\"elementor-item\" tabindex=\"-1\">Anreise<\/a><\/li>\n<li class=\"menu-item menu-item-type-post_type menu-item-object-page menu-item-2380\"><a href=\"https:\/\/oefeb2024.phwien.ac.at\/index.php\/startseite\/anmeldung\/hotelempfehlungen\/\" class=\"elementor-item\" tabindex=\"-1\">Hotelempfehlungen<\/a><\/li>\n<li class=\"menu-item menu-item-type-post_type menu-item-object-page menu-item-2383\"><a href=\"https:\/\/oefeb2024.phwien.ac.at\/index.php\/startseite\/kontakt\/\" class=\"elementor-item\" tabindex=\"-1\">Kontakt<\/a><\/li>\n<li class=\"menu-item menu-item-type-post_type menu-item-object-page menu-item-2382\"><a href=\"https:\/\/oefeb2024.phwien.ac.at\/index.php\/startseite\/impressum\/\" class=\"elementor-item\" tabindex=\"-1\">Impressum<\/a><\/li>\n<li class=\"menu-item menu-item-type-post_type menu-item-object-page menu-item-2385\"><a href=\"https:\/\/oefeb2024.phwien.ac.at\/index.php\/startseite\/impressum\/datenschutzerklaerung\/\" class=\"elementor-item\" tabindex=\"-1\">Datenschutz<\/a><\/li>\n<\/ul>\t\t\t<\/nav>\n\t\t\t\t<\/div>\n\t\t\t\t<\/div>\n\t\t\t\t<\/div>\n\t\t<div class=\"elementor-element elementor-element-5b1a6fb e-con-full e-flex e-con\" data-id=\"5b1a6fb\" data-element_type=\"container\" data-settings=\"{&quot;content_width&quot;:&quot;full&quot;}\">\n\t\t\t\t<div class=\"elementor-element elementor-element-2784308 elementor-widget elementor-widget-text-editor\" data-id=\"2784308\" data-element_type=\"widget\" data-widget_type=\"text-editor.default\">\n\t\t\t\t<div class=\"elementor-widget-container\">\n\t\t\t\t\t\t\t<h4><span style=\"color: #2d2384;\"><a style=\"color: #2d2384;\" href=\"https:\/\/jimmys.at\/locations\/dandelion\" target=\"_blank\" rel=\"noopener\"><span style=\"text-decoration: underline;\"><span style=\"color: #cc0000; text-decoration: underline;\">Jimmy&#8217;s Appartments Dandelion<\/span><\/span><\/a><\/span><\/h4><p>Kn\u00f6llgasse 23<br \/>1100 Wien<\/p><p>Mit dem Code <span style=\"color: #cc0000;\"><strong>OFEB2024<\/strong> <\/span>gibt es bis 30. Juni 2024 20% Rabatt, danach 10%.<\/p>\t\t\t\t\t\t<\/div>\n\t\t\t\t<\/div>\n\t\t\t\t<div class=\"elementor-element elementor-element-835f2a1 elementor-widget elementor-widget-text-editor\" data-id=\"835f2a1\" data-element_type=\"widget\" data-widget_type=\"text-editor.default\">\n\t\t\t\t<div class=\"elementor-widget-container\">\n\t\t\t\t\t\t\t<h4><span style=\"text-decoration: underline; color: #2d2384;\"><span><a style=\"color: #2d2384; text-decoration: underline;\" href=\"https:\/\/www.living-hotels.com\/hotel-an-der-oper-wien?gclid=CjwKCAiA3aeqBhBzEiwAxFiOBv3ztNGBAg1La1nWCSfELPdwG4zVvmfuKTTjS5scE41iY2jt1kJkrxoCkBUQAvD_BwE\" target=\"_blank\" rel=\"noopener\">Living Hotels &#8211; Hotel an der Oper<\/a><\/span><\/span><\/h4><p><span style=\"color: #242424;\">K\u00e4rntner Stra\u00dfe 44<br \/><\/span>1010 Wien<\/p><p>Mit dem Code <span style=\"color: #2d2384;\"><strong>OFEB2024<\/strong> <\/span>gibt es bis 30. Juni 2024 20% Rabatt, danach 10%.<\/p>\t\t\t\t\t\t<\/div>\n\t\t\t\t<\/div>\n\t\t\t\t<div class=\"elementor-element elementor-element-d2d43c9 elementor-widget elementor-widget-text-editor\" data-id=\"d2d43c9\" data-element_type=\"widget\" data-widget_type=\"text-editor.default\">\n\t\t\t\t<div class=\"elementor-widget-container\">\n\t\t\t\t\t\t\t<h4><span style=\"color: #cc0000;\"><strong><span style=\"text-decoration: underline;\"><a style=\"text-decoration: underline; color: #cc0000;\" href=\"https:\/\/all.accor.com\/hotel\/8565\/index.de.shtml?dateIn=&amp;nights=&amp;compositions=1&amp;stayplus=false&amp;snu=false#origin=accor\" target=\"_blank\" rel=\"noopener\">Novotel Wien Hauptbahnhof<\/a><\/span><\/strong><\/span><\/h4><p><span style=\"color: #242424;\">Canettistra\u00dfe 6<\/span><br \/><span style=\"color: #242424;\">1100 Wien<\/span><\/p><p>F\u00fcr eine Reservierung zum untenstehenden Preis, f\u00fcllen Sie das <span style=\"color: #cc0000;\"><strong><a style=\"color: #cc0000;\" href=\"https:\/\/oefeb2024.phwien.ac.at\/wp-content\/uploads\/2023\/12\/Buchungsformular_AccorInvest-Group.docx\">Buchungsformular<\/a> <\/strong><\/span>aus und schicken Sie es an die E-Mail Adresse <a href=\"mailto:H8565@accor.com\"><strong><span style=\"color: #cc0000;\">H8565@accor.com<\/span><\/strong><\/a>.<\/p><ul><li>\u20ac 209, &#8211; pro Doppelzimmer zur Einzelbelegung \/ Nacht<\/li><li>\u20ac 229, &#8211; pro Doppelzimmer zur Doppelbelegung \/ Nacht<\/li><\/ul>\t\t\t\t\t\t<\/div>\n\t\t\t\t<\/div>\n\t\t\t\t<\/div>\n\t\t<div class=\"elementor-element elementor-element-ebc2692 e-con-full e-flex e-con\" data-id=\"ebc2692\" data-element_type=\"container\" data-settings=\"{&quot;content_width&quot;:&quot;full&quot;}\">\n\t\t\t\t<div class=\"elementor-element elementor-element-4fee1c5 elementor-widget elementor-widget-text-editor\" data-id=\"4fee1c5\" data-element_type=\"widget\" data-widget_type=\"text-editor.default\">\n\t\t\t\t<div class=\"elementor-widget-container\">\n\t\t\t\t\t\t\t<h4><a href=\"https:\/\/jimmys.at\/locations\/lory\" target=\"_blank\" rel=\"noopener\"><span style=\"text-decoration: underline; color: #cc0000;\"><span style=\"color: #2d2384; text-decoration: underline;\">Jimmy&#8217;s Appartments Lory<\/span><\/span><\/a><\/h4><p>Lorystra\u00dfe 4<br \/>1110 Wien<\/p><p>Mit dem Code <span style=\"color: #2d2384;\"><strong>OFEB2024<\/strong> <\/span>gibt es bis 30. Juni 2024 20% Rabatt, danach 10%.<\/p>\t\t\t\t\t\t<\/div>\n\t\t\t\t<\/div>\n\t\t\t\t<div class=\"elementor-element elementor-element-76bb46c elementor-widget elementor-widget-text-editor\" data-id=\"76bb46c\" data-element_type=\"widget\" data-widget_type=\"text-editor.default\">\n\t\t\t\t<div class=\"elementor-widget-container\">\n\t\t\t\t\t\t\t<h4><a href=\"https:\/\/www.discoverasr.com\/de\/lyf\/austria\/lyf-schoenbrunn-vienna\" target=\"_blank\" rel=\"noopener\"><span style=\"color: #2d2384;\"><strong><span style=\"text-decoration: underline;\"><span style=\"color: #cc0000; text-decoration: underline;\">Lyf Sch\u00f6nbrunn Vienna<\/span> <\/span><\/strong><\/span><\/a><\/h4><p><span style=\"color: #242424;\">Breitenfurter Stra\u00dfe 12<\/span><br \/><span style=\"color: #242424;\">1120 Wien<\/span><\/p><p>Unter dem Buchungscode <span style=\"color: #cc0000;\"><strong>P5dag021<\/strong><\/span> sind ab 01. J\u00e4nner 2024 Zimmer zu dem untenstehenden Preis hinterlegt.<\/p><ul><li>100,00 EUR pro Level-up Studio \/ Nacht ohne Fr\u00fchst\u00fcck<\/li><\/ul>\t\t\t\t\t\t<\/div>\n\t\t\t\t<\/div>\n\t\t\t\t<div class=\"elementor-element elementor-element-0e28777 elementor-widget elementor-widget-text-editor\" data-id=\"0e28777\" data-element_type=\"widget\" data-widget_type=\"text-editor.default\">\n\t\t\t\t<div class=\"elementor-widget-container\">\n\t\t\t\t\t\t\t<h4><span style=\"color: #2d2384;\"><strong><span style=\"text-decoration: underline;\"><a style=\"color: #2d2384; text-decoration: underline;\" href=\"https:\/\/all.accor.com\/hotel\/8565\/index.de.shtml?dateIn=&amp;nights=&amp;compositions=1&amp;stayplus=false&amp;snu=false#origin=accor\" target=\"_blank\" rel=\"noopener\">PhilsPlace &#8211; Full Service Apartments Vienna<\/a><\/span><\/strong><\/span><\/h4><p><span style=\"color: #242424;\">Triester Stra\u00dfe 646<\/span><br \/><span style=\"color: #242424;\">1100 Wien<\/span><\/p><p>Buchung durch die E-Mail Adresse <strong><span style=\"color: #2d2384;\"><a style=\"color: #2d2384;\" href=\"mailto:office@phils.place\">office@phils.place<\/a><\/span><\/strong> mit dem Kode <span style=\"color: #2d2384;\"><strong>\u00d6FEB2024<\/strong><\/span>.<\/p><ul><li>ab \u20ac 95, &#8211; pro Apartment Einzelbelegung \/ Nacht<\/li><li>ab 115, &#8211; pro Apartment zur Doppelbelegung \/ Nacht<\/li><\/ul>\t\t\t\t\t\t<\/div>\n\t\t\t\t<\/div>\n\t\t\t\t<\/div>\n\t\t\t\t\t<\/div>\n\t\t\t\t<\/div>\n\t\t<div class=\"elementor-element elementor-element-74cc6c2 e-flex e-con-boxed e-con\" data-id=\"74cc6c2\" data-element_type=\"container\" data-settings=\"{&quot;content_width&quot;:&quot;boxed&quot;}\">\n\t\t\t\t\t<div class=\"e-con-inner\">\n\t\t<div class=\"elementor-element elementor-element-472a81e e-flex e-con-boxed e-con\" data-id=\"472a81e\" data-element_type=\"container\" data-settings=\"{&quot;content_width&quot;:&quot;boxed&quot;}\">\n\t\t\t\t\t<div class=\"e-con-inner\">\n\t\t<div class=\"elementor-element elementor-element-4011e95 e-con-full e-flex e-con\" data-id=\"4011e95\" data-element_type=\"container\" data-settings=\"{&quot;content_width&quot;:&quot;full&quot;}\">\n\t\t\t\t<div class=\"elementor-element elementor-element-0248b27 elementor-view-stacked elementor-shape-square elementor-widget elementor-widget-icon\" data-id=\"0248b27\" data-element_type=\"widget\" data-widget_type=\"icon.default\">\n\t\t\t\t<div class=\"elementor-widget-container\">\n\t\t\t\t\t<div class=\"elementor-icon-wrapper\">\n\t\t\t<a class=\"elementor-icon\" href=\"https:\/\/oefeb2024.phwien.ac.at\/wp-content\/uploads\/2023\/12\/Hotelempfelungen.pdf\" target=\"_blank\">\n\t\t\t<i aria-hidden=\"true\" class=\"fas fa-file-download\"><\/i>\t\t\t<\/a>\n\t\t<\/div>\n\t\t\t\t<\/div>\n\t\t\t\t<\/div>\n\t\t\t\t<\/div>\n\t\t<div class=\"elementor-element elementor-element-1620422 e-con-full e-flex e-con\" data-id=\"1620422\" data-element_type=\"container\" data-settings=\"{&quot;content_width&quot;:&quot;full&quot;}\">\n\t\t\t\t<div class=\"elementor-element elementor-element-d377551 elementor-widget__width-initial elementor-widget elementor-widget-text-editor\" data-id=\"d377551\" data-element_type=\"widget\" data-widget_type=\"text-editor.default\">\n\t\t\t\t<div class=\"elementor-widget-container\">\n\t\t\t\t\t\t\t<p><span style=\"text-decoration: underline;\"><span style=\"color: #cc0000; text-decoration: underline;\"><a style=\"color: #cc0000; text-decoration: underline;\" href=\"https:\/\/oefeb2024.phwien.ac.at\/wp-content\/uploads\/2023\/12\/Hotelempfelungen.pdf\" target=\"_blank\" rel=\"noopener\">Hotelempfehlungen<\/a><\/span><\/span><\/p>\t\t\t\t\t\t<\/div>\n\t\t\t\t<\/div>\n\t\t\t\t<\/div>\n\t\t\t\t\t<\/div>\n\t\t\t\t<\/div>\n\t\t<div class=\"elementor-element elementor-element-2a31668 e-flex e-con-boxed e-con\" data-id=\"2a31668\" data-element_type=\"container\" data-settings=\"{&quot;content_width&quot;:&quot;boxed&quot;}\">\n\t\t\t\t\t<div class=\"e-con-inner\">\n\t\t<div class=\"elementor-element elementor-element-2be3e9b e-con-full e-flex e-con\" data-id=\"2be3e9b\" data-element_type=\"container\" data-settings=\"{&quot;content_width&quot;:&quot;full&quot;}\">\n\t\t\t\t<div class=\"elementor-element elementor-element-4c6e926 elementor-view-stacked elementor-shape-square elementor-widget elementor-widget-icon\" data-id=\"4c6e926\" data-element_type=\"widget\" data-widget_type=\"icon.default\">\n\t\t\t\t<div class=\"elementor-widget-container\">\n\t\t\t\t\t<div class=\"elementor-icon-wrapper\">\n\t\t\t<a class=\"elementor-icon\" href=\"https:\/\/oefeb2024.phwien.ac.at\/wp-content\/uploads\/2023\/12\/Buchungsformular_AccorInvest-Group.docx\" target=\"_blank\">\n\t\t\t<i aria-hidden=\"true\" class=\"fas fa-file-download\"><\/i>\t\t\t<\/a>\n\t\t<\/div>\n\t\t\t\t<\/div>\n\t\t\t\t<\/div>\n\t\t\t\t<\/div>\n\t\t<div class=\"elementor-element elementor-element-bd66e8b e-con-full e-flex e-con\" data-id=\"bd66e8b\" data-element_type=\"container\" data-settings=\"{&quot;content_width&quot;:&quot;full&quot;}\">\n\t\t\t\t<div class=\"elementor-element elementor-element-a5d9833 elementor-widget__width-initial elementor-widget elementor-widget-text-editor\" data-id=\"a5d9833\" data-element_type=\"widget\" data-widget_type=\"text-editor.default\">\n\t\t\t\t<div class=\"elementor-widget-container\">\n\t\t\t\t\t\t\t<p><span style=\"text-decoration: underline;\"><span style=\"color: #cc0000; text-decoration: underline;\"><a style=\"color: #cc0000; text-decoration: underline;\" href=\"https:\/\/oefeb2024.phwien.ac.at\/wp-content\/uploads\/2023\/12\/Buchungsformular_AccorInvest-Group.docx\" target=\"_blank\" rel=\"noopener\">Buchungsformular AccorInvest Groupe<\/a><\/span><\/span><\/p>\t\t\t\t\t\t<\/div>\n\t\t\t\t<\/div>\n\t\t\t\t<\/div>\n\t\t\t\t\t<\/div>\n\t\t\t\t<\/div>\n\t\t\t\t\t<\/div>\n\t\t\t\t<\/div>\n\t\t\t\t\t\t\t<\/div>\n\t\t","protected":false},"excerpt":{"rendered":"<p>Hotelempfehlungen Citadines South Vienna Triesterstra\u00dfe 271100 Wien Unter dem Buchungscode P5dag021 sind ab 01. J\u00e4nner 2024 Zimmer zu dem untenstehenden Preis hinterlegt. 100,00 EUR pro Studio Apartment \/ Nacht inklusive Fr\u00fchst\u00fcck 105,00 EUR pro Studio Deluxe \/ Nacht inklusive Fr\u00fchst\u00fcck 110,00 EUR pro Studio Superior \/ Nacht inklusive Fr\u00fchst\u00fcck Ibis Wien Hauptbahnhof Canettistra\u00dfe 81100 Wien<span class=\"post-excerpt-end\">&hellip;<\/span><\/p>\n<p class=\"more-link\"><a href=\"https:\/\/oefeb2024.phwien.ac.at\/index.php\/startseite\/anmeldung\/hotelempfehlungen\/\" class=\"themebutton\">Read More<\/a><\/p>\n","protected":false},"author":1,"featured_media":0,"parent":66,"menu_order":0,"comment_status":"closed","ping_status":"closed","template":"","meta":{"footnotes":""},"class_list":["post-205","page","type-page","status-publish","hentry"],"_links":{"self":[{"href":"https:\/\/oefeb2024.phwien.ac.at\/index.php\/wp-json\/wp\/v2\/pages\/205","targetHints":{"allow":["GET"]}}],"collection":[{"href":"https:\/\/oefeb2024.phwien.ac.at\/index.php\/wp-json\/wp\/v2\/pages"}],"about":[{"href":"https:\/\/oefeb2024.phwien.ac.at\/index.php\/wp-json\/wp\/v2\/types\/page"}],"author":[{"embeddable":true,"href":"https:\/\/oefeb2024.phwien.ac.at\/index.php\/wp-json\/wp\/v2\/users\/1"}],"replies":[{"embeddable":true,"href":"https:\/\/oefeb2024.phwien.ac.at\/index.php\/wp-json\/wp\/v2\/comments?post=205"}],"version-history":[{"count":88,"href":"https:\/\/oefeb2024.phwien.ac.at\/index.php\/wp-json\/wp\/v2\/pages\/205\/revisions"}],"predecessor-version":[{"id":2580,"href":"https:\/\/oefeb2024.phwien.ac.at\/index.php\/wp-json\/wp\/v2\/pages\/205\/revisions\/2580"}],"up":[{"embeddable":true,"href":"https:\/\/oefeb2024.phwien.ac.at\/index.php\/wp-json\/wp\/v2\/pages\/66"}],"wp:attachment":[{"href":"https:\/\/oefeb2024.phwien.ac.at\/index.php\/wp-json\/wp\/v2\/media?parent=205"}],"curies":[{"name":"wp","href":"https:\/\/api.w.org\/{rel}","templated":true}]}}