{"id":2272,"date":"2023-10-09T07:45:58","date_gmt":"2023-10-09T07:45:58","guid":{"rendered":"https:\/\/oefeb2024.phwien.ac.at\/?page_id=2272"},"modified":"2024-07-30T04:08:52","modified_gmt":"2024-07-30T04:08:52","slug":"call-for-papers-pre-conference","status":"publish","type":"page","link":"https:\/\/oefeb2024.phwien.ac.at\/index.php\/call-for-papers-pre-conference\/","title":{"rendered":"Call for Papers"},"content":{"rendered":"\t\t<div data-elementor-type=\"wp-page\" data-elementor-id=\"2272\" class=\"elementor elementor-2272\" data-elementor-post-type=\"page\">\n\t\t\t\t\t\t\t<div class=\"elementor-element elementor-element-66ae380f e-flex e-con-boxed e-con\" data-id=\"66ae380f\" data-element_type=\"container\" data-settings=\"{&quot;content_width&quot;:&quot;boxed&quot;}\">\n\t\t\t\t\t<div class=\"e-con-inner\">\n\t\t<div class=\"elementor-element elementor-element-66015f64 e-con-full e-flex e-con\" data-id=\"66015f64\" data-element_type=\"container\" data-settings=\"{&quot;content_width&quot;:&quot;full&quot;}\">\n\t\t\t\t<div class=\"elementor-element elementor-element-457017bc elementor-widget elementor-widget-heading\" data-id=\"457017bc\" data-element_type=\"widget\" data-widget_type=\"heading.default\">\n\t\t\t\t<div class=\"elementor-widget-container\">\n\t\t\t<style>\/*! elementor - v3.15.0 - 31-07-2023 *\/\n.elementor-heading-title{padding:0;margin:0;line-height:1}.elementor-widget-heading .elementor-heading-title[class*=elementor-size-]>a{color:inherit;font-size:inherit;line-height:inherit}.elementor-widget-heading .elementor-heading-title.elementor-size-small{font-size:15px}.elementor-widget-heading .elementor-heading-title.elementor-size-medium{font-size:19px}.elementor-widget-heading .elementor-heading-title.elementor-size-large{font-size:29px}.elementor-widget-heading .elementor-heading-title.elementor-size-xl{font-size:39px}.elementor-widget-heading .elementor-heading-title.elementor-size-xxl{font-size:59px}<\/style><h2 class=\"elementor-heading-title elementor-size-default\">Call for Papers<\/h2>\t\t<\/div>\n\t\t\t\t<\/div>\n\t\t\t\t<div class=\"elementor-element elementor-element-20cd31c5 elementor-widget elementor-widget-text-editor\" data-id=\"20cd31c5\" data-element_type=\"widget\" data-widget_type=\"text-editor.default\">\n\t\t\t\t<div class=\"elementor-widget-container\">\n\t\t\t<style>\/*! elementor - v3.15.0 - 31-07-2023 *\/\n.elementor-widget-text-editor.elementor-drop-cap-view-stacked .elementor-drop-cap{background-color:#69727d;color:#fff}.elementor-widget-text-editor.elementor-drop-cap-view-framed .elementor-drop-cap{color:#69727d;border:3px solid;background-color:transparent}.elementor-widget-text-editor:not(.elementor-drop-cap-view-default) .elementor-drop-cap{margin-top:8px}.elementor-widget-text-editor:not(.elementor-drop-cap-view-default) .elementor-drop-cap-letter{width:1em;height:1em}.elementor-widget-text-editor .elementor-drop-cap{float:left;text-align:center;line-height:1;font-size:50px}.elementor-widget-text-editor .elementor-drop-cap-letter{display:inline-block}<\/style>\t\t\t\t<p style=\"text-align: left;\"><span style=\"color: #000000;\">Wir laden alle Nachwuchswissenschafter*innen im Bereich der Bildungsforschung ganz herzlich zur PreConference der Emerging Researcher der \u00d6FEB ein.<\/span><\/p><p style=\"text-align: left;\"><span style=\"color: #000000;\"><br \/>Bei der Tagung k\u00f6nnen Nachwuchswissenschafter*innen ihre Forschungsarbeiten vorstellen und ihr Wissen im Rahmen von Keynotes und Workshops vertiefen. Die Pre-Conference bietet au\u00dferdem die M\u00f6glichkeit des Kennenlernens von Kolleg*innen aus dem Bereich der Bildungsforschung und beinhaltet formelle sowie informelle Austauschformate. Es sind alle Nachwuchswissenschafter*innen in den unterschiedlichsten Phasen ihrer wissenschaftlichen Laufbahn herzlich willkommen. An diesem Tag steht das Thema \u201c<strong>Diversit\u00e4t diskursiv. Bildungswissenschaftliche Zug\u00e4nge und p\u00e4dagogische Perspektiven<\/strong>\u201d im Vordergrund. Die Beitr\u00e4ge k\u00f6nnen sich an folgenden Fragestellungen orientieren:<\/span><\/p>\t\t\t\t\t\t<\/div>\n\t\t\t\t<\/div>\n\t\t\t\t<\/div>\n\t\t<div class=\"elementor-element elementor-element-5286b906 e-con-full e-flex e-con\" data-id=\"5286b906\" data-element_type=\"container\" data-settings=\"{&quot;content_width&quot;:&quot;full&quot;}\">\n\t\t<div class=\"elementor-element elementor-element-b2278cb e-flex e-con-boxed e-con\" data-id=\"b2278cb\" data-element_type=\"container\" data-settings=\"{&quot;content_width&quot;:&quot;boxed&quot;}\">\n\t\t\t\t\t<div class=\"e-con-inner\">\n\t\t\t\t<div class=\"elementor-element elementor-element-76bf6955 elementor-widget elementor-widget-heading\" data-id=\"76bf6955\" data-element_type=\"widget\" data-widget_type=\"heading.default\">\n\t\t\t\t<div class=\"elementor-widget-container\">\n\t\t\t<h3 class=\"elementor-heading-title elementor-size-default\">Pre-Conference<\/h3>\t\t<\/div>\n\t\t\t\t<\/div>\n\t\t\t\t<div class=\"elementor-element elementor-element-49a067ce elementor-widget elementor-widget-text-editor\" data-id=\"49a067ce\" data-element_type=\"widget\" data-widget_type=\"text-editor.default\">\n\t\t\t\t<div class=\"elementor-widget-container\">\n\t\t\t\t\t\t\t<p><span style=\"color: #000000;\"><strong>24. September 2024<\/strong><\/span><\/p>\t\t\t\t\t\t<\/div>\n\t\t\t\t<\/div>\n\t\t\t\t\t<\/div>\n\t\t\t\t<\/div>\n\t\t\t\t<div class=\"elementor-element elementor-element-5284aa4d elementor-nav-menu__align-center elementor-nav-menu__text-align-center elementor-nav-menu--dropdown-tablet elementor-widget elementor-widget-nav-menu\" data-id=\"5284aa4d\" data-element_type=\"widget\" data-settings=\"{&quot;layout&quot;:&quot;vertical&quot;,&quot;submenu_icon&quot;:{&quot;value&quot;:&quot;&lt;i class=\\&quot;\\&quot;&gt;&lt;\\\/i&gt;&quot;,&quot;library&quot;:&quot;&quot;},&quot;_animation&quot;:&quot;none&quot;}\" data-widget_type=\"nav-menu.default\">\n\t\t\t\t<div class=\"elementor-widget-container\">\n\t\t\t<link rel=\"stylesheet\" href=\"https:\/\/oefeb2024.phwien.ac.at\/wp-content\/plugins\/elementor-pro\/assets\/css\/widget-nav-menu.min.css\">\t\t\t<nav class=\"elementor-nav-menu--main elementor-nav-menu__container elementor-nav-menu--layout-vertical e--pointer-framed e--animation-fade\">\n\t\t\t\t<ul id=\"menu-1-5284aa4d\" class=\"elementor-nav-menu sm-vertical\"><li class=\"menu-item menu-item-type-post_type menu-item-object-page menu-item-2239\"><a href=\"https:\/\/oefeb2024.phwien.ac.at\/index.php\/startseite\/emerging-researcher\/\" class=\"elementor-item\">Pre-Conference<\/a><\/li>\n<li class=\"menu-item menu-item-type-post_type menu-item-object-page menu-item-2316\"><a href=\"https:\/\/oefeb2024.phwien.ac.at\/index.php\/call-for-papers-pre-conference\/\" class=\"elementor-item\">Call for Papers<\/a><\/li>\n<li class=\"menu-item menu-item-type-post_type menu-item-object-page menu-item-2311\"><a href=\"https:\/\/oefeb2024.phwien.ac.at\/index.php\/beitragsformate-pre-conference\/\" class=\"elementor-item\">Beitragsformate<\/a><\/li>\n<li class=\"menu-item menu-item-type-post_type menu-item-object-page menu-item-2793\"><a href=\"https:\/\/oefeb2024.phwien.ac.at\/index.php\/detailprogramm-pre-conference\/\" class=\"elementor-item\">Detailprogramm \u2013 Pre-Conference<\/a><\/li>\n<\/ul>\t\t\t<\/nav>\n\t\t\t\t\t\t<nav class=\"elementor-nav-menu--dropdown elementor-nav-menu__container\" aria-hidden=\"true\">\n\t\t\t\t<ul id=\"menu-2-5284aa4d\" class=\"elementor-nav-menu sm-vertical\"><li class=\"menu-item menu-item-type-post_type menu-item-object-page menu-item-2239\"><a href=\"https:\/\/oefeb2024.phwien.ac.at\/index.php\/startseite\/emerging-researcher\/\" class=\"elementor-item\" tabindex=\"-1\">Pre-Conference<\/a><\/li>\n<li class=\"menu-item menu-item-type-post_type menu-item-object-page menu-item-2316\"><a href=\"https:\/\/oefeb2024.phwien.ac.at\/index.php\/call-for-papers-pre-conference\/\" class=\"elementor-item\" tabindex=\"-1\">Call for Papers<\/a><\/li>\n<li class=\"menu-item menu-item-type-post_type menu-item-object-page menu-item-2311\"><a href=\"https:\/\/oefeb2024.phwien.ac.at\/index.php\/beitragsformate-pre-conference\/\" class=\"elementor-item\" tabindex=\"-1\">Beitragsformate<\/a><\/li>\n<li class=\"menu-item menu-item-type-post_type menu-item-object-page menu-item-2793\"><a href=\"https:\/\/oefeb2024.phwien.ac.at\/index.php\/detailprogramm-pre-conference\/\" class=\"elementor-item\" tabindex=\"-1\">Detailprogramm \u2013 Pre-Conference<\/a><\/li>\n<\/ul>\t\t\t<\/nav>\n\t\t\t\t<\/div>\n\t\t\t\t<\/div>\n\t\t\t\t<\/div>\n\t\t\t\t\t<\/div>\n\t\t\t\t<\/div>\n\t\t<div class=\"elementor-element elementor-element-49945dc e-flex e-con-boxed e-con\" data-id=\"49945dc\" data-element_type=\"container\" data-settings=\"{&quot;content_width&quot;:&quot;boxed&quot;}\">\n\t\t\t\t\t<div class=\"e-con-inner\">\n\t\t\t\t<div class=\"elementor-element elementor-element-bbfb074 elementor-widget elementor-widget-text-editor\" data-id=\"bbfb074\" data-element_type=\"widget\" data-widget_type=\"text-editor.default\">\n\t\t\t\t<div class=\"elementor-widget-container\">\n\t\t\t\t\t\t\t<ul><li>Wie k\u00f6nnen gesellschaftlich relevante Fragestellungen im Zusammenhang mit Diversit\u00e4t, Vielfalt, Heterogenit\u00e4t und Intersektionalit\u00e4t im Rahmen der Bildungsforschung sinnvoll bearbeitet werden?<\/li><li>Wie k\u00f6nnte bzw. sollte Bildung gestaltet werden, um den Bed\u00fcrfnissen einer diversen Sch\u00fcler*innenschaft bzw. Studierendenpopulation gerecht zu werden?<\/li><li>Wie kann die gegenw\u00e4rtige hochschulische Lehrer*nnenbildung k\u00fcnftige P\u00e4dagog*innen auf Diversit\u00e4t im Klassenzimmer vorbereiten?<\/li><li>An welchen Diskursen und gesellschaftlichen Herausforderungen schlie\u00dfen aktuelle Forschungsarbeiten an, die sich Themen rund um Diversit\u00e4t, Intersektionalit\u00e4t und\/oder Vielfalt widmen?<\/li><li>Inwiefern kann bildungswissenschaftliche Forschung einen Beitrag zur Professionalisierung von Akteur*innen im Bildungsbereich leisten, die in einer zunehmend diversen und heterogenen Gesellschaft agieren?<\/li><li>Welche neuartigen Forschungsfragen und -kontexte ergeben sich aus theoretischen und methodischen Zug\u00e4ngen, die sich der Analyse von Intersektionalit\u00e4t widmen?<\/li><\/ul><p>Auch eigene Schwerpunktsetzungen, \u00fcber obige Fragestellungen hinaus, sind willkommen. Diejenigen, die Einblicke in ihre Forschungsarbeiten geben m\u00f6chten, k\u00f6nnen Schwerpunkte in Bezug auf die theoretischen Grundlagen, das methodische Design oder die Ergebnisse ihrer Forschung setzen. Der Austausch \u00fcber die pr\u00e4sentierten Forschungsarbeiten wird in unterschiedlichen Formaten stattfinden, im Rahmen derer Expert*innen die Diskussion anleiten werden.<\/p>\t\t\t\t\t\t<\/div>\n\t\t\t\t<\/div>\n\t\t\t\t\t<\/div>\n\t\t\t\t<\/div>\n\t\t<div class=\"elementor-element elementor-element-b1d974d e-flex e-con-boxed e-con\" data-id=\"b1d974d\" data-element_type=\"container\" data-settings=\"{&quot;content_width&quot;:&quot;boxed&quot;}\">\n\t\t\t\t\t<div class=\"e-con-inner\">\n\t\t<div class=\"elementor-element elementor-element-87b5ceb e-con-full e-flex e-con\" data-id=\"87b5ceb\" data-element_type=\"container\" data-settings=\"{&quot;content_width&quot;:&quot;full&quot;}\">\n\t\t\t\t<div class=\"elementor-element elementor-element-811771d elementor-view-stacked elementor-shape-square elementor-widget elementor-widget-icon\" data-id=\"811771d\" data-element_type=\"widget\" data-widget_type=\"icon.default\">\n\t\t\t\t<div class=\"elementor-widget-container\">\n\t\t\t\t\t<div class=\"elementor-icon-wrapper\">\n\t\t\t<a class=\"elementor-icon\" href=\"https:\/\/oefeb2024.phwien.ac.at\/wp-content\/uploads\/2023\/10\/PreConference_CallForPapers.pdf\" target=\"_blank\">\n\t\t\t<i aria-hidden=\"true\" class=\"fas fa-file-download\"><\/i>\t\t\t<\/a>\n\t\t<\/div>\n\t\t\t\t<\/div>\n\t\t\t\t<\/div>\n\t\t\t\t<\/div>\n\t\t<div class=\"elementor-element elementor-element-a1100d9 e-con-full e-flex e-con\" data-id=\"a1100d9\" data-element_type=\"container\" data-settings=\"{&quot;content_width&quot;:&quot;full&quot;}\">\n\t\t\t\t<div class=\"elementor-element elementor-element-2da0eeb elementor-widget__width-initial elementor-widget elementor-widget-text-editor\" data-id=\"2da0eeb\" data-element_type=\"widget\" data-widget_type=\"text-editor.default\">\n\t\t\t\t<div class=\"elementor-widget-container\">\n\t\t\t\t\t\t\t<p><span style=\"text-decoration: underline;\"><span style=\"color: #cc0000; text-decoration: underline;\"><a style=\"color: #cc0000; text-decoration: underline;\" href=\"https:\/\/oefeb2024.phwien.ac.at\/wp-content\/uploads\/2023\/10\/PreConference_CallForPapers.pdf\" target=\"_blank\" rel=\"noopener\">Call for Papers<\/a><\/span><\/span><\/p>\t\t\t\t\t\t<\/div>\n\t\t\t\t<\/div>\n\t\t\t\t<\/div>\n\t\t\t\t\t<\/div>\n\t\t\t\t<\/div>\n\t\t\t\t\t\t\t<\/div>\n\t\t","protected":false},"excerpt":{"rendered":"<p>Call for Papers Wir laden alle Nachwuchswissenschafter*innen im Bereich der Bildungsforschung ganz herzlich zur PreConference der Emerging Researcher der \u00d6FEB ein. Bei der Tagung k\u00f6nnen Nachwuchswissenschafter*innen ihre Forschungsarbeiten vorstellen und ihr Wissen im Rahmen von Keynotes und Workshops vertiefen. Die Pre-Conference bietet au\u00dferdem die M\u00f6glichkeit des Kennenlernens von Kolleg*innen aus dem Bereich der Bildungsforschung und<span class=\"post-excerpt-end\">&hellip;<\/span><\/p>\n<p class=\"more-link\"><a href=\"https:\/\/oefeb2024.phwien.ac.at\/index.php\/call-for-papers-pre-conference\/\" class=\"themebutton\">Read More<\/a><\/p>\n","protected":false},"author":1,"featured_media":0,"parent":0,"menu_order":0,"comment_status":"closed","ping_status":"closed","template":"","meta":{"footnotes":""},"class_list":["post-2272","page","type-page","status-publish","hentry"],"_links":{"self":[{"href":"https:\/\/oefeb2024.phwien.ac.at\/index.php\/wp-json\/wp\/v2\/pages\/2272","targetHints":{"allow":["GET"]}}],"collection":[{"href":"https:\/\/oefeb2024.phwien.ac.at\/index.php\/wp-json\/wp\/v2\/pages"}],"about":[{"href":"https:\/\/oefeb2024.phwien.ac.at\/index.php\/wp-json\/wp\/v2\/types\/page"}],"author":[{"embeddable":true,"href":"https:\/\/oefeb2024.phwien.ac.at\/index.php\/wp-json\/wp\/v2\/users\/1"}],"replies":[{"embeddable":true,"href":"https:\/\/oefeb2024.phwien.ac.at\/index.php\/wp-json\/wp\/v2\/comments?post=2272"}],"version-history":[{"count":30,"href":"https:\/\/oefeb2024.phwien.ac.at\/index.php\/wp-json\/wp\/v2\/pages\/2272\/revisions"}],"predecessor-version":[{"id":2826,"href":"https:\/\/oefeb2024.phwien.ac.at\/index.php\/wp-json\/wp\/v2\/pages\/2272\/revisions\/2826"}],"wp:attachment":[{"href":"https:\/\/oefeb2024.phwien.ac.at\/index.php\/wp-json\/wp\/v2\/media?parent=2272"}],"curies":[{"name":"wp","href":"https:\/\/api.w.org\/{rel}","templated":true}]}}