{"id":2280,"date":"2023-10-09T08:00:44","date_gmt":"2023-10-09T08:00:44","guid":{"rendered":"https:\/\/oefeb2024.phwien.ac.at\/?page_id=2280"},"modified":"2024-07-30T04:09:56","modified_gmt":"2024-07-30T04:09:56","slug":"beitragsformate-pre-conference","status":"publish","type":"page","link":"https:\/\/oefeb2024.phwien.ac.at\/index.php\/beitragsformate-pre-conference\/","title":{"rendered":"Beitragsformate"},"content":{"rendered":"\t\t<div data-elementor-type=\"wp-page\" data-elementor-id=\"2280\" class=\"elementor elementor-2280\" data-elementor-post-type=\"page\">\n\t\t\t\t\t\t\t<div class=\"elementor-element elementor-element-51eacd67 e-flex e-con-boxed e-con\" data-id=\"51eacd67\" data-element_type=\"container\" data-settings=\"{&quot;content_width&quot;:&quot;boxed&quot;}\">\n\t\t\t\t\t<div class=\"e-con-inner\">\n\t\t<div class=\"elementor-element elementor-element-19ab447d e-con-full e-flex e-con\" data-id=\"19ab447d\" data-element_type=\"container\" data-settings=\"{&quot;content_width&quot;:&quot;full&quot;}\">\n\t\t\t\t<div class=\"elementor-element elementor-element-5f5068f8 elementor-widget elementor-widget-heading\" data-id=\"5f5068f8\" data-element_type=\"widget\" data-widget_type=\"heading.default\">\n\t\t\t\t<div class=\"elementor-widget-container\">\n\t\t\t<style>\/*! elementor - v3.15.0 - 31-07-2023 *\/\n.elementor-heading-title{padding:0;margin:0;line-height:1}.elementor-widget-heading .elementor-heading-title[class*=elementor-size-]>a{color:inherit;font-size:inherit;line-height:inherit}.elementor-widget-heading .elementor-heading-title.elementor-size-small{font-size:15px}.elementor-widget-heading .elementor-heading-title.elementor-size-medium{font-size:19px}.elementor-widget-heading .elementor-heading-title.elementor-size-large{font-size:29px}.elementor-widget-heading .elementor-heading-title.elementor-size-xl{font-size:39px}.elementor-widget-heading .elementor-heading-title.elementor-size-xxl{font-size:59px}<\/style><h2 class=\"elementor-heading-title elementor-size-default\">Beitragsformate<\/h2>\t\t<\/div>\n\t\t\t\t<\/div>\n\t\t\t\t<div class=\"elementor-element elementor-element-0f352a6 elementor-widget__width-inherit elementor-widget elementor-widget-text-editor\" data-id=\"0f352a6\" data-element_type=\"widget\" data-widget_type=\"text-editor.default\">\n\t\t\t\t<div class=\"elementor-widget-container\">\n\t\t\t<style>\/*! elementor - v3.15.0 - 31-07-2023 *\/\n.elementor-widget-text-editor.elementor-drop-cap-view-stacked .elementor-drop-cap{background-color:#69727d;color:#fff}.elementor-widget-text-editor.elementor-drop-cap-view-framed .elementor-drop-cap{color:#69727d;border:3px solid;background-color:transparent}.elementor-widget-text-editor:not(.elementor-drop-cap-view-default) .elementor-drop-cap{margin-top:8px}.elementor-widget-text-editor:not(.elementor-drop-cap-view-default) .elementor-drop-cap-letter{width:1em;height:1em}.elementor-widget-text-editor .elementor-drop-cap{float:left;text-align:center;line-height:1;font-size:50px}.elementor-widget-text-editor .elementor-drop-cap-letter{display:inline-block}<\/style>\t\t\t\t<h5 style=\"text-align: center;\"><b style=\"font-family: inherit; font-size: 20px; font-style: inherit; letter-spacing: 0px; color: #cc0000;\">Forschungswerkstatt<br \/>(10 Minuten + 25 Minuten Diskussion)<\/b><span style=\"font-family: Montserrat, Helvetica, Arial; font-weight: 600; letter-spacing: 0px; color: #cc0000; font-size: 16px;\">\u00a0<\/span><\/h5><p>Bei der Forschungswerkstatt werden pro Slot maximal zwei Forschungsarbeiten diskutiert. Die Anliegen, die behandelt werden, drehen sich in erster Linie um fundamentale Fragen bei der Bearbeitung eines Forschungsvorhabens. Die Hilfestellung, die die Referentinnen und Referenten vom Plenum erwarten k\u00f6nnen, sind umfassend und k\u00f6nnen sowohl den theoretischen Teil als auch die Vernetzung des theoretischen mit dem empirischen Teil beinhalten. Die Vortragenden bekommen ca. 10 Minuten f\u00fcr die Darstellung ihres Forschungsprojektes inkl. Vorstellung der zu behandelnden Fragestellung und haben im Anschluss 20-25 Minuten Zeit in einem gemeinsamen Resonanzraum mit der Gruppe \u00fcber diese Fragestellung zu sprechen.<\/p>\t\t\t\t\t\t<\/div>\n\t\t\t\t<\/div>\n\t\t\t\t<\/div>\n\t\t<div class=\"elementor-element elementor-element-5e1bd8d e-con-full e-flex e-con\" data-id=\"5e1bd8d\" data-element_type=\"container\" data-settings=\"{&quot;content_width&quot;:&quot;full&quot;}\">\n\t\t<div class=\"elementor-element elementor-element-564e505f e-flex e-con-boxed e-con\" data-id=\"564e505f\" data-element_type=\"container\" data-settings=\"{&quot;content_width&quot;:&quot;boxed&quot;}\">\n\t\t\t\t\t<div class=\"e-con-inner\">\n\t\t\t\t<div class=\"elementor-element elementor-element-28f59386 elementor-widget elementor-widget-heading\" data-id=\"28f59386\" data-element_type=\"widget\" data-widget_type=\"heading.default\">\n\t\t\t\t<div class=\"elementor-widget-container\">\n\t\t\t<h3 class=\"elementor-heading-title elementor-size-default\">Pre-Conference<\/h3>\t\t<\/div>\n\t\t\t\t<\/div>\n\t\t\t\t<div class=\"elementor-element elementor-element-1b854222 elementor-widget elementor-widget-text-editor\" data-id=\"1b854222\" data-element_type=\"widget\" data-widget_type=\"text-editor.default\">\n\t\t\t\t<div class=\"elementor-widget-container\">\n\t\t\t\t\t\t\t<p><span style=\"color: #000000;\"><strong>24. September 2024<\/strong><\/span><\/p>\t\t\t\t\t\t<\/div>\n\t\t\t\t<\/div>\n\t\t\t\t\t<\/div>\n\t\t\t\t<\/div>\n\t\t\t\t<div class=\"elementor-element elementor-element-3307d6fa elementor-nav-menu__align-center elementor-nav-menu__text-align-center elementor-nav-menu--dropdown-tablet elementor-widget elementor-widget-nav-menu\" data-id=\"3307d6fa\" data-element_type=\"widget\" data-settings=\"{&quot;layout&quot;:&quot;vertical&quot;,&quot;submenu_icon&quot;:{&quot;value&quot;:&quot;&lt;i class=\\&quot;\\&quot;&gt;&lt;\\\/i&gt;&quot;,&quot;library&quot;:&quot;&quot;},&quot;_animation&quot;:&quot;none&quot;}\" data-widget_type=\"nav-menu.default\">\n\t\t\t\t<div class=\"elementor-widget-container\">\n\t\t\t<link rel=\"stylesheet\" href=\"https:\/\/oefeb2024.phwien.ac.at\/wp-content\/plugins\/elementor-pro\/assets\/css\/widget-nav-menu.min.css\">\t\t\t<nav class=\"elementor-nav-menu--main elementor-nav-menu__container elementor-nav-menu--layout-vertical e--pointer-framed e--animation-fade\">\n\t\t\t\t<ul id=\"menu-1-3307d6fa\" class=\"elementor-nav-menu sm-vertical\"><li class=\"menu-item menu-item-type-post_type menu-item-object-page menu-item-2239\"><a href=\"https:\/\/oefeb2024.phwien.ac.at\/index.php\/startseite\/emerging-researcher\/\" class=\"elementor-item\">Pre-Conference<\/a><\/li>\n<li class=\"menu-item menu-item-type-post_type menu-item-object-page menu-item-2316\"><a href=\"https:\/\/oefeb2024.phwien.ac.at\/index.php\/call-for-papers-pre-conference\/\" class=\"elementor-item\">Call for Papers<\/a><\/li>\n<li class=\"menu-item menu-item-type-post_type menu-item-object-page menu-item-2311\"><a href=\"https:\/\/oefeb2024.phwien.ac.at\/index.php\/beitragsformate-pre-conference\/\" class=\"elementor-item\">Beitragsformate<\/a><\/li>\n<li class=\"menu-item menu-item-type-post_type menu-item-object-page menu-item-2793\"><a href=\"https:\/\/oefeb2024.phwien.ac.at\/index.php\/detailprogramm-pre-conference\/\" class=\"elementor-item\">Detailprogramm \u2013 Pre-Conference<\/a><\/li>\n<\/ul>\t\t\t<\/nav>\n\t\t\t\t\t\t<nav class=\"elementor-nav-menu--dropdown elementor-nav-menu__container\" aria-hidden=\"true\">\n\t\t\t\t<ul id=\"menu-2-3307d6fa\" class=\"elementor-nav-menu sm-vertical\"><li class=\"menu-item menu-item-type-post_type menu-item-object-page menu-item-2239\"><a href=\"https:\/\/oefeb2024.phwien.ac.at\/index.php\/startseite\/emerging-researcher\/\" class=\"elementor-item\" tabindex=\"-1\">Pre-Conference<\/a><\/li>\n<li class=\"menu-item menu-item-type-post_type menu-item-object-page menu-item-2316\"><a href=\"https:\/\/oefeb2024.phwien.ac.at\/index.php\/call-for-papers-pre-conference\/\" class=\"elementor-item\" tabindex=\"-1\">Call for Papers<\/a><\/li>\n<li class=\"menu-item menu-item-type-post_type menu-item-object-page menu-item-2311\"><a href=\"https:\/\/oefeb2024.phwien.ac.at\/index.php\/beitragsformate-pre-conference\/\" class=\"elementor-item\" tabindex=\"-1\">Beitragsformate<\/a><\/li>\n<li class=\"menu-item menu-item-type-post_type menu-item-object-page menu-item-2793\"><a href=\"https:\/\/oefeb2024.phwien.ac.at\/index.php\/detailprogramm-pre-conference\/\" class=\"elementor-item\" tabindex=\"-1\">Detailprogramm \u2013 Pre-Conference<\/a><\/li>\n<\/ul>\t\t\t<\/nav>\n\t\t\t\t<\/div>\n\t\t\t\t<\/div>\n\t\t\t\t<\/div>\n\t\t\t\t\t<\/div>\n\t\t\t\t<\/div>\n\t\t<div class=\"elementor-element elementor-element-dbd1cf2 e-flex e-con-boxed e-con\" data-id=\"dbd1cf2\" data-element_type=\"container\" data-settings=\"{&quot;content_width&quot;:&quot;boxed&quot;}\">\n\t\t\t\t\t<div class=\"e-con-inner\">\n\t\t<div class=\"elementor-element elementor-element-dad9dea e-con-full e-flex e-con\" data-id=\"dad9dea\" data-element_type=\"container\" data-settings=\"{&quot;content_width&quot;:&quot;full&quot;}\">\n\t\t\t\t<div class=\"elementor-element elementor-element-d28484f elementor-widget__width-inherit elementor-widget elementor-widget-text-editor\" data-id=\"d28484f\" data-element_type=\"widget\" data-widget_type=\"text-editor.default\">\n\t\t\t\t<div class=\"elementor-widget-container\">\n\t\t\t\t\t\t\t<h3 style=\"text-align: center;\"><span style=\"color: #2d2384;\"><b>Methodenatelier<br \/>(5 Minuten + 15 Minuten Diskussion)<\/b>\u00a0<\/span><\/h3><p>Beim Methodenatelier werden explizit Fragestellungen behandelt, die mit bestimmten Methoden einhergehen. Diese Fragen k\u00f6nnen etwa Problemstellungen beim Einsatz einer Methode und\/oder bei der Auswertung von Daten betreffen. Pro Slot sind drei Pr\u00e4sentationen vorgesehen. Die Hinf\u00fchrung zur Problemstellung bel\u00e4uft sich auf max. 5 bis 7 Minuten. Die Einleitung sollte knapp das Erkenntnisinteresse der Arbeit wiedergeben und dann den Fokus auf den methodologischen Zugang legen. Die Vortragenden bekommen anschlie\u00dfend ca. 15 Minuten Zeit gemeinsam mit dem Plenum ihre herausfordernde Situation zu diskutieren.<\/p>\t\t\t\t\t\t<\/div>\n\t\t\t\t<\/div>\n\t\t\t\t<\/div>\n\t\t<div class=\"elementor-element elementor-element-172f5ac e-con-full e-flex e-con\" data-id=\"172f5ac\" data-element_type=\"container\" data-settings=\"{&quot;content_width&quot;:&quot;full&quot;}\">\n\t\t\t\t<div class=\"elementor-element elementor-element-172ebb2 elementor-widget__width-inherit elementor-widget elementor-widget-text-editor\" data-id=\"172ebb2\" data-element_type=\"widget\" data-widget_type=\"text-editor.default\">\n\t\t\t\t<div class=\"elementor-widget-container\">\n\t\t\t\t\t\t\t<h3 style=\"text-align: center;\"><span style=\"color: #cc0000;\"><b>Designstudio<\/b><br \/>(2 Minuten)<\/span><\/h3><p>Das Designstudio ist aufgebaut im Sinne einer \u201cStructured Poster Session\u201d. Pro Slot gibt es 4 bis 5 Poster. Es werden Arbeiten bzw. Projekte diskutiert, die sich noch im Anfangsstadium befinden bzw. bei denen ein Feedback zu einer bestimmten Herangehensweise aus der Fragestellung abgeleitet werden kann. Die Poster werden der Reihe in max. 2 Minuten pr\u00e4sentiert, im Anschluss bekommen alle Teilnehmer*innen die M\u00f6glichkeit mit den Posterersteller*innen ins Gespr\u00e4ch zu kommen. Abschlie\u00dfend werden die Designs gemeinsam anhand \u00fcbergreifender Leitfragen diskutiert.<\/p>\t\t\t\t\t\t<\/div>\n\t\t\t\t<\/div>\n\t\t\t\t<\/div>\n\t\t\t\t\t<\/div>\n\t\t\t\t<\/div>\n\t\t\t\t\t\t\t<\/div>\n\t\t","protected":false},"excerpt":{"rendered":"<p>Beitragsformate Forschungswerkstatt(10 Minuten + 25 Minuten Diskussion)\u00a0 Bei der Forschungswerkstatt werden pro Slot maximal zwei Forschungsarbeiten diskutiert. Die Anliegen, die behandelt werden, drehen sich in erster Linie um fundamentale Fragen bei der Bearbeitung eines Forschungsvorhabens. Die Hilfestellung, die die Referentinnen und Referenten vom Plenum erwarten k\u00f6nnen, sind umfassend und k\u00f6nnen sowohl den theoretischen Teil als<span class=\"post-excerpt-end\">&hellip;<\/span><\/p>\n<p class=\"more-link\"><a href=\"https:\/\/oefeb2024.phwien.ac.at\/index.php\/beitragsformate-pre-conference\/\" class=\"themebutton\">Read More<\/a><\/p>\n","protected":false},"author":1,"featured_media":0,"parent":0,"menu_order":0,"comment_status":"closed","ping_status":"closed","template":"","meta":{"footnotes":""},"class_list":["post-2280","page","type-page","status-publish","hentry"],"_links":{"self":[{"href":"https:\/\/oefeb2024.phwien.ac.at\/index.php\/wp-json\/wp\/v2\/pages\/2280","targetHints":{"allow":["GET"]}}],"collection":[{"href":"https:\/\/oefeb2024.phwien.ac.at\/index.php\/wp-json\/wp\/v2\/pages"}],"about":[{"href":"https:\/\/oefeb2024.phwien.ac.at\/index.php\/wp-json\/wp\/v2\/types\/page"}],"author":[{"embeddable":true,"href":"https:\/\/oefeb2024.phwien.ac.at\/index.php\/wp-json\/wp\/v2\/users\/1"}],"replies":[{"embeddable":true,"href":"https:\/\/oefeb2024.phwien.ac.at\/index.php\/wp-json\/wp\/v2\/comments?post=2280"}],"version-history":[{"count":29,"href":"https:\/\/oefeb2024.phwien.ac.at\/index.php\/wp-json\/wp\/v2\/pages\/2280\/revisions"}],"predecessor-version":[{"id":2832,"href":"https:\/\/oefeb2024.phwien.ac.at\/index.php\/wp-json\/wp\/v2\/pages\/2280\/revisions\/2832"}],"wp:attachment":[{"href":"https:\/\/oefeb2024.phwien.ac.at\/index.php\/wp-json\/wp\/v2\/media?parent=2280"}],"curies":[{"name":"wp","href":"https:\/\/api.w.org\/{rel}","templated":true}]}}