{"id":2631,"date":"2024-02-12T07:21:53","date_gmt":"2024-02-12T07:21:53","guid":{"rendered":"https:\/\/oefeb2024.phwien.ac.at\/?page_id=2631"},"modified":"2024-04-30T11:55:00","modified_gmt":"2024-04-30T11:55:00","slug":"wiener-abend-heurigenempfang","status":"publish","type":"page","link":"https:\/\/oefeb2024.phwien.ac.at\/index.php\/abendprogramm-2\/wiener-abend-heurigenempfang\/","title":{"rendered":"\u201eWiener Abend\u201c \u2013 Heurigenempfang &#8211; 26.09.2024"},"content":{"rendered":"\t\t<div data-elementor-type=\"wp-page\" data-elementor-id=\"2631\" class=\"elementor elementor-2631\" data-elementor-post-type=\"page\">\n\t\t\t\t\t\t\t<div class=\"elementor-element elementor-element-6e4cfb3a e-flex e-con-boxed e-con\" data-id=\"6e4cfb3a\" data-element_type=\"container\" data-settings=\"{&quot;content_width&quot;:&quot;boxed&quot;}\">\n\t\t\t\t\t<div class=\"e-con-inner\">\n\t\t<div class=\"elementor-element elementor-element-6c918f3a e-con-full e-flex e-con\" data-id=\"6c918f3a\" data-element_type=\"container\" data-settings=\"{&quot;content_width&quot;:&quot;full&quot;}\">\n\t\t\t\t<div class=\"elementor-element elementor-element-597a2889 elementor-widget elementor-widget-heading\" data-id=\"597a2889\" data-element_type=\"widget\" data-widget_type=\"heading.default\">\n\t\t\t\t<div class=\"elementor-widget-container\">\n\t\t\t<style>\/*! elementor - v3.15.0 - 31-07-2023 *\/\n.elementor-heading-title{padding:0;margin:0;line-height:1}.elementor-widget-heading .elementor-heading-title[class*=elementor-size-]>a{color:inherit;font-size:inherit;line-height:inherit}.elementor-widget-heading .elementor-heading-title.elementor-size-small{font-size:15px}.elementor-widget-heading .elementor-heading-title.elementor-size-medium{font-size:19px}.elementor-widget-heading .elementor-heading-title.elementor-size-large{font-size:29px}.elementor-widget-heading .elementor-heading-title.elementor-size-xl{font-size:39px}.elementor-widget-heading .elementor-heading-title.elementor-size-xxl{font-size:59px}<\/style><h2 class=\"elementor-heading-title elementor-size-default\">\u201eWiener Abend\u201c \u2013 Heurigenempfang<\/h2>\t\t<\/div>\n\t\t\t\t<\/div>\n\t\t\t\t<div class=\"elementor-element elementor-element-27101f03 elementor-widget elementor-widget-text-editor\" data-id=\"27101f03\" data-element_type=\"widget\" data-widget_type=\"text-editor.default\">\n\t\t\t\t<div class=\"elementor-widget-container\">\n\t\t\t<style>\/*! elementor - v3.15.0 - 31-07-2023 *\/\n.elementor-widget-text-editor.elementor-drop-cap-view-stacked .elementor-drop-cap{background-color:#69727d;color:#fff}.elementor-widget-text-editor.elementor-drop-cap-view-framed .elementor-drop-cap{color:#69727d;border:3px solid;background-color:transparent}.elementor-widget-text-editor:not(.elementor-drop-cap-view-default) .elementor-drop-cap{margin-top:8px}.elementor-widget-text-editor:not(.elementor-drop-cap-view-default) .elementor-drop-cap-letter{width:1em;height:1em}.elementor-widget-text-editor .elementor-drop-cap{float:left;text-align:center;line-height:1;font-size:50px}.elementor-widget-text-editor .elementor-drop-cap-letter{display:inline-block}<\/style>\t\t\t\t<p>F\u00fcr den letzten Abend des \u00d6FEB-Kongresses ist am Donnerstag, dem 26. September 2024 mit dem <strong>&#8222;Wiener Abend&#8220;<\/strong> ein gem\u00fctliches Beisammensein geplant. Ab 20:00 Uhr k\u00f6nnen Sie beim Heurigenempfang in der Buschenschank <span style=\"text-decoration: underline;\"><span style=\"color: #0000ff;\"><a style=\"color: #0000ff;\" href=\"https:\/\/buschenschank-fuhrgassl-huber.at\/\">Fuhrgassl-Huber<\/a><\/span><\/span> typische Wiener Gastlichkeit und Kulinarik genie\u00dfen. Die Tagung der \u00d6sterreichischen Gesellschaft f\u00fcr Forschung und Entwicklung im Bildungswesen 2024 steht unter dem Ehrenschutz von Wiens B\u00fcrgermeister Dr. Michael Ludwig. Wir freuen uns, Sie zu diesem Abschlussabend mit wienerischer Note empfangen\u00a0zu d\u00fcrfen zu einem Austausch im angenehmen Ambiente.\u00a0<\/p><p><strong>Ort:<\/strong> <span style=\"text-decoration: underline;\"><a href=\"https:\/\/buschenschank-fuhrgassl-huber.at\/\"><span style=\"color: #0000ff; text-decoration: underline;\">Fuhrgassl-Huber <\/span><\/a><\/span>(Neustift am Walde 68, 1190 Wien)<br \/><strong>Datum:<\/strong> Donnerstag, dem 26. September 2024, Beginn 20:00 Uhr<\/p><p>Es besteht die M\u00f6glichkeit im Anschluss an den letzten Programmpunkt der Tagung mit einem Bus gemeinsam direkt von der PH Wien zum Heurigen zu fahren.<\/p><p>Im Rahmen des \u201eWiener Abends\u201c erfolgt auch die <strong>Preisverleihung des Dissertationspreises der \u00d6FEB. <\/strong>Die \u00d6sterreichische Gesellschaft f\u00fcr Forschung und Entwicklung im Bildungswesen als Herausgeber der Reihe <em>Beitr\u00e4ge zur Bildungsforschung<\/em> verleiht in Kooperation mit dem Waxmann Verlag einen <strong>Dissertationspreis im Bereich Forschung und Entwicklung im Bildungswesen<\/strong>. Der Preis besteht aus einer <strong>Open Access Publikation der Dissertation<\/strong> in der Reihe <em>Beitr\u00e4ge zur Bildungsforschung<\/em> im Waxmann Verlag. Der Preis wird je zur H\u00e4lfte von der \u00d6FEB und von Waxmann gesponsert.<\/p><p>Wenn Sie als Teilnehmer*in des \u00d6FEB-Kongresses den \u201eWiener Abend\u201c mit uns verbringen m\u00f6chten, ersuchen wir um \u00dcberweisung des Kostenbeitrages von \u20ac 60,00 \u00fcber ConfTool. (Sollten Sie auf ConfTool den Kostenbeitrag f\u00fcr den &#8222;Wiener Abend&#8220; getrennt vom Tagungsbeitrag \u00fcberweisen wollen, bitte als Zahlungsreferenz\u00a0 &#8222;\u00d6FEB &#8211; Wiener Abend&#8220; angeben.)<\/p>\t\t\t\t\t\t<\/div>\n\t\t\t\t<\/div>\n\t\t\t\t<\/div>\n\t\t<div class=\"elementor-element elementor-element-20f6c62a e-con-full e-flex e-con\" data-id=\"20f6c62a\" data-element_type=\"container\" data-settings=\"{&quot;content_width&quot;:&quot;full&quot;}\">\n\t\t<div class=\"elementor-element elementor-element-54addce1 e-flex e-con-boxed e-con\" data-id=\"54addce1\" data-element_type=\"container\" data-settings=\"{&quot;content_width&quot;:&quot;boxed&quot;}\">\n\t\t\t\t\t<div class=\"e-con-inner\">\n\t\t\t\t<div class=\"elementor-element elementor-element-2051463b elementor-widget elementor-widget-heading\" data-id=\"2051463b\" data-element_type=\"widget\" data-widget_type=\"heading.default\">\n\t\t\t\t<div class=\"elementor-widget-container\">\n\t\t\t<h3 class=\"elementor-heading-title elementor-size-default\">Kongress<\/h3>\t\t<\/div>\n\t\t\t\t<\/div>\n\t\t\t\t<div class=\"elementor-element elementor-element-314025cd elementor-widget elementor-widget-text-editor\" data-id=\"314025cd\" data-element_type=\"widget\" data-widget_type=\"text-editor.default\">\n\t\t\t\t<div class=\"elementor-widget-container\">\n\t\t\t\t\t\t\t<p><span style=\"color: #000000;\"><strong>24. &#8211; 27. September 2024<\/strong><\/span><\/p>\t\t\t\t\t\t<\/div>\n\t\t\t\t<\/div>\n\t\t\t\t<div class=\"elementor-element elementor-element-468eb697 elementor-align-center elementor-widget elementor-widget-button\" data-id=\"468eb697\" data-element_type=\"widget\" data-widget_type=\"button.default\">\n\t\t\t\t<div class=\"elementor-widget-container\">\n\t\t\t\t\t<div class=\"elementor-button-wrapper\">\n\t\t\t<a class=\"elementor-button elementor-button-link elementor-size-sm\" href=\"https:\/\/www.conftool.pro\/oefeb2024-phwien\/\" target=\"_blank\">\n\t\t\t\t\t\t<span class=\"elementor-button-content-wrapper\">\n\t\t\t\t\t\t<span class=\"elementor-button-text\">ANMELDEN<\/span>\n\t\t<\/span>\n\t\t\t\t\t<\/a>\n\t\t<\/div>\n\t\t\t\t<\/div>\n\t\t\t\t<\/div>\n\t\t\t\t\t<\/div>\n\t\t\t\t<\/div>\n\t\t\t\t<div class=\"elementor-element elementor-element-2b91946a elementor-nav-menu__align-center elementor-nav-menu__text-align-center elementor-nav-menu--dropdown-tablet elementor-widget elementor-widget-nav-menu\" data-id=\"2b91946a\" data-element_type=\"widget\" data-settings=\"{&quot;layout&quot;:&quot;vertical&quot;,&quot;submenu_icon&quot;:{&quot;value&quot;:&quot;&lt;i class=\\&quot;\\&quot;&gt;&lt;\\\/i&gt;&quot;,&quot;library&quot;:&quot;&quot;},&quot;_animation&quot;:&quot;none&quot;}\" data-widget_type=\"nav-menu.default\">\n\t\t\t\t<div class=\"elementor-widget-container\">\n\t\t\t<link rel=\"stylesheet\" href=\"https:\/\/oefeb2024.phwien.ac.at\/wp-content\/plugins\/elementor-pro\/assets\/css\/widget-nav-menu.min.css\">\t\t\t<nav class=\"elementor-nav-menu--main elementor-nav-menu__container elementor-nav-menu--layout-vertical e--pointer-framed e--animation-fade\">\n\t\t\t\t<ul id=\"menu-1-2b91946a\" class=\"elementor-nav-menu sm-vertical\"><li class=\"menu-item menu-item-type-post_type menu-item-object-page menu-item-2215\"><a href=\"https:\/\/oefeb2024.phwien.ac.at\/index.php\/startseite\/anmeldung\/\" class=\"elementor-item\">\u00d6FEB Kongress<\/a><\/li>\n<li class=\"menu-item menu-item-type-post_type menu-item-object-page menu-item-2143\"><a href=\"https:\/\/oefeb2024.phwien.ac.at\/index.php\/startseite\/call-for-papers\/\" class=\"elementor-item\">Call for Papers<\/a><\/li>\n<li class=\"menu-item menu-item-type-post_type menu-item-object-page menu-item-2193\"><a href=\"https:\/\/oefeb2024.phwien.ac.at\/index.php\/leitfragen\/\" class=\"elementor-item\">Leitfragen<\/a><\/li>\n<li class=\"menu-item menu-item-type-post_type menu-item-object-page menu-item-2144\"><a href=\"https:\/\/oefeb2024.phwien.ac.at\/index.php\/beitragsformate\/\" class=\"elementor-item\">Beitragsformate<\/a><\/li>\n<\/ul>\t\t\t<\/nav>\n\t\t\t\t\t\t<nav class=\"elementor-nav-menu--dropdown elementor-nav-menu__container\" aria-hidden=\"true\">\n\t\t\t\t<ul id=\"menu-2-2b91946a\" class=\"elementor-nav-menu sm-vertical\"><li class=\"menu-item menu-item-type-post_type menu-item-object-page menu-item-2215\"><a href=\"https:\/\/oefeb2024.phwien.ac.at\/index.php\/startseite\/anmeldung\/\" class=\"elementor-item\" tabindex=\"-1\">\u00d6FEB Kongress<\/a><\/li>\n<li class=\"menu-item menu-item-type-post_type menu-item-object-page menu-item-2143\"><a href=\"https:\/\/oefeb2024.phwien.ac.at\/index.php\/startseite\/call-for-papers\/\" class=\"elementor-item\" tabindex=\"-1\">Call for Papers<\/a><\/li>\n<li class=\"menu-item menu-item-type-post_type menu-item-object-page menu-item-2193\"><a href=\"https:\/\/oefeb2024.phwien.ac.at\/index.php\/leitfragen\/\" class=\"elementor-item\" tabindex=\"-1\">Leitfragen<\/a><\/li>\n<li class=\"menu-item menu-item-type-post_type menu-item-object-page menu-item-2144\"><a href=\"https:\/\/oefeb2024.phwien.ac.at\/index.php\/beitragsformate\/\" class=\"elementor-item\" tabindex=\"-1\">Beitragsformate<\/a><\/li>\n<\/ul>\t\t\t<\/nav>\n\t\t\t\t<\/div>\n\t\t\t\t<\/div>\n\t\t\t\t<\/div>\n\t\t\t\t\t<\/div>\n\t\t\t\t<\/div>\n\t\t\t\t\t\t\t<\/div>\n\t\t","protected":false},"excerpt":{"rendered":"<p>\u201eWiener Abend\u201c \u2013 Heurigenempfang F\u00fcr den letzten Abend des \u00d6FEB-Kongresses ist am Donnerstag, dem 26. September 2024 mit dem &#8222;Wiener Abend&#8220; ein gem\u00fctliches Beisammensein geplant. Ab 20:00 Uhr k\u00f6nnen Sie beim Heurigenempfang in der Buschenschank Fuhrgassl-Huber typische Wiener Gastlichkeit und Kulinarik genie\u00dfen. Die Tagung der \u00d6sterreichischen Gesellschaft f\u00fcr Forschung und Entwicklung im Bildungswesen 2024 steht<span class=\"post-excerpt-end\">&hellip;<\/span><\/p>\n<p class=\"more-link\"><a href=\"https:\/\/oefeb2024.phwien.ac.at\/index.php\/abendprogramm-2\/wiener-abend-heurigenempfang\/\" class=\"themebutton\">Read More<\/a><\/p>\n","protected":false},"author":1,"featured_media":0,"parent":2697,"menu_order":0,"comment_status":"closed","ping_status":"closed","template":"","meta":{"footnotes":""},"class_list":["post-2631","page","type-page","status-publish","hentry"],"_links":{"self":[{"href":"https:\/\/oefeb2024.phwien.ac.at\/index.php\/wp-json\/wp\/v2\/pages\/2631","targetHints":{"allow":["GET"]}}],"collection":[{"href":"https:\/\/oefeb2024.phwien.ac.at\/index.php\/wp-json\/wp\/v2\/pages"}],"about":[{"href":"https:\/\/oefeb2024.phwien.ac.at\/index.php\/wp-json\/wp\/v2\/types\/page"}],"author":[{"embeddable":true,"href":"https:\/\/oefeb2024.phwien.ac.at\/index.php\/wp-json\/wp\/v2\/users\/1"}],"replies":[{"embeddable":true,"href":"https:\/\/oefeb2024.phwien.ac.at\/index.php\/wp-json\/wp\/v2\/comments?post=2631"}],"version-history":[{"count":33,"href":"https:\/\/oefeb2024.phwien.ac.at\/index.php\/wp-json\/wp\/v2\/pages\/2631\/revisions"}],"predecessor-version":[{"id":2750,"href":"https:\/\/oefeb2024.phwien.ac.at\/index.php\/wp-json\/wp\/v2\/pages\/2631\/revisions\/2750"}],"up":[{"embeddable":true,"href":"https:\/\/oefeb2024.phwien.ac.at\/index.php\/wp-json\/wp\/v2\/pages\/2697"}],"wp:attachment":[{"href":"https:\/\/oefeb2024.phwien.ac.at\/index.php\/wp-json\/wp\/v2\/media?parent=2631"}],"curies":[{"name":"wp","href":"https:\/\/api.w.org\/{rel}","templated":true}]}}