{"id":70,"date":"2023-07-26T13:53:33","date_gmt":"2023-07-26T13:53:33","guid":{"rendered":"https:\/\/oefeb2024.phwien.ac.at\/?page_id=70"},"modified":"2023-10-18T07:14:35","modified_gmt":"2023-10-18T07:14:35","slug":"call-for-papers","status":"publish","type":"page","link":"https:\/\/oefeb2024.phwien.ac.at\/index.php\/startseite\/call-for-papers\/","title":{"rendered":"Call for Papers"},"content":{"rendered":"\t\t<div data-elementor-type=\"wp-page\" data-elementor-id=\"70\" class=\"elementor elementor-70\" data-elementor-post-type=\"page\">\n\t\t\t\t\t\t\t<div class=\"elementor-element elementor-element-8d4b3ff e-flex e-con-boxed e-con\" data-id=\"8d4b3ff\" data-element_type=\"container\" data-settings=\"{&quot;content_width&quot;:&quot;boxed&quot;}\">\n\t\t\t\t\t<div class=\"e-con-inner\">\n\t\t<div class=\"elementor-element elementor-element-d60074e e-con-full e-flex e-con\" data-id=\"d60074e\" data-element_type=\"container\" data-settings=\"{&quot;content_width&quot;:&quot;full&quot;}\">\n\t\t\t\t<div class=\"elementor-element elementor-element-dcde47b elementor-widget elementor-widget-heading\" data-id=\"dcde47b\" data-element_type=\"widget\" data-widget_type=\"heading.default\">\n\t\t\t\t<div class=\"elementor-widget-container\">\n\t\t\t<style>\/*! elementor - v3.15.0 - 31-07-2023 *\/\n.elementor-heading-title{padding:0;margin:0;line-height:1}.elementor-widget-heading .elementor-heading-title[class*=elementor-size-]>a{color:inherit;font-size:inherit;line-height:inherit}.elementor-widget-heading .elementor-heading-title.elementor-size-small{font-size:15px}.elementor-widget-heading .elementor-heading-title.elementor-size-medium{font-size:19px}.elementor-widget-heading .elementor-heading-title.elementor-size-large{font-size:29px}.elementor-widget-heading .elementor-heading-title.elementor-size-xl{font-size:39px}.elementor-widget-heading .elementor-heading-title.elementor-size-xxl{font-size:59px}<\/style><h1 class=\"elementor-heading-title elementor-size-default\">Call for Papers<\/h1>\t\t<\/div>\n\t\t\t\t<\/div>\n\t\t\t\t<div class=\"elementor-element elementor-element-d001d60 elementor-widget elementor-widget-heading\" data-id=\"d001d60\" data-element_type=\"widget\" data-widget_type=\"heading.default\">\n\t\t\t\t<div class=\"elementor-widget-container\">\n\t\t\t<h2 class=\"elementor-heading-title elementor-size-default\">Diversit\u00e4t diskursiv.<\/h2>\t\t<\/div>\n\t\t\t\t<\/div>\n\t\t\t\t<div class=\"elementor-element elementor-element-83a617c elementor-widget elementor-widget-text-editor\" data-id=\"83a617c\" data-element_type=\"widget\" data-widget_type=\"text-editor.default\">\n\t\t\t\t<div class=\"elementor-widget-container\">\n\t\t\t<style>\/*! elementor - v3.15.0 - 31-07-2023 *\/\n.elementor-widget-text-editor.elementor-drop-cap-view-stacked .elementor-drop-cap{background-color:#69727d;color:#fff}.elementor-widget-text-editor.elementor-drop-cap-view-framed .elementor-drop-cap{color:#69727d;border:3px solid;background-color:transparent}.elementor-widget-text-editor:not(.elementor-drop-cap-view-default) .elementor-drop-cap{margin-top:8px}.elementor-widget-text-editor:not(.elementor-drop-cap-view-default) .elementor-drop-cap-letter{width:1em;height:1em}.elementor-widget-text-editor .elementor-drop-cap{float:left;text-align:center;line-height:1;font-size:50px}.elementor-widget-text-editor .elementor-drop-cap-letter{display:inline-block}<\/style>\t\t\t\t<h3><strong>Bildungswissenschaftliche Zug\u00e4nge und p\u00e4dagogische Perspektiven<\/strong><\/h3>\t\t\t\t\t\t<\/div>\n\t\t\t\t<\/div>\n\t\t\t\t<div class=\"elementor-element elementor-element-328a3ca elementor-widget elementor-widget-text-editor\" data-id=\"328a3ca\" data-element_type=\"widget\" data-widget_type=\"text-editor.default\">\n\t\t\t\t<div class=\"elementor-widget-container\">\n\t\t\t\t\t\t\t<p>Diversit\u00e4t, Heterogenit\u00e4t und Vielfalt sind nur einige Begriffe, die Spannungsfelder in der Gesellschaft und damit Herausforderungen in der P\u00e4dagogik beschreiben \u2013 sowohl in der p\u00e4dagogischen Praxis als auch in den ihr zugrundeliegenden theoretischen Auseinandersetzungen. Bei aller Verschiedenheit der epistemologischen Grundannahmen und normativen Zielsetzungen dieser Debatten l\u00e4sst sich als Gemeinsamkeit ausmachen, dass es um eine wissenschaftliche Einordnung des Umgangs mit <em>Unterschieden <\/em>geht. Vor diesem Hintergrund zielt der Kongress darauf ab, Diversit\u00e4t diskursiv zu bearbeiten.<\/p>\t\t\t\t\t\t<\/div>\n\t\t\t\t<\/div>\n\t\t\t\t<\/div>\n\t\t<div class=\"elementor-element elementor-element-4ccb705 e-con-full e-flex e-con\" data-id=\"4ccb705\" data-element_type=\"container\" data-settings=\"{&quot;content_width&quot;:&quot;full&quot;}\">\n\t\t<div class=\"elementor-element elementor-element-ec7a273 e-flex e-con-boxed e-con\" data-id=\"ec7a273\" data-element_type=\"container\" data-settings=\"{&quot;content_width&quot;:&quot;boxed&quot;}\">\n\t\t\t\t\t<div class=\"e-con-inner\">\n\t\t\t\t<div class=\"elementor-element elementor-element-e603b66 elementor-widget elementor-widget-heading\" data-id=\"e603b66\" data-element_type=\"widget\" data-widget_type=\"heading.default\">\n\t\t\t\t<div class=\"elementor-widget-container\">\n\t\t\t<h3 class=\"elementor-heading-title elementor-size-default\">Kongress<\/h3>\t\t<\/div>\n\t\t\t\t<\/div>\n\t\t\t\t<div class=\"elementor-element elementor-element-52c8a40 elementor-widget elementor-widget-text-editor\" data-id=\"52c8a40\" data-element_type=\"widget\" data-widget_type=\"text-editor.default\">\n\t\t\t\t<div class=\"elementor-widget-container\">\n\t\t\t\t\t\t\t<p><span style=\"color: #000000;\"><strong>24. &#8211; 27. September 2024<\/strong><\/span><\/p>\t\t\t\t\t\t<\/div>\n\t\t\t\t<\/div>\n\t\t\t\t<div class=\"elementor-element elementor-element-10d1d96 elementor-align-center elementor-widget elementor-widget-button\" data-id=\"10d1d96\" data-element_type=\"widget\" data-widget_type=\"button.default\">\n\t\t\t\t<div class=\"elementor-widget-container\">\n\t\t\t\t\t<div class=\"elementor-button-wrapper\">\n\t\t\t<a class=\"elementor-button elementor-button-link elementor-size-sm\" href=\"https:\/\/www.conftool.pro\/oefeb2024-phwien\/\" target=\"_blank\">\n\t\t\t\t\t\t<span class=\"elementor-button-content-wrapper\">\n\t\t\t\t\t\t<span class=\"elementor-button-text\">EINREICHEN<\/span>\n\t\t<\/span>\n\t\t\t\t\t<\/a>\n\t\t<\/div>\n\t\t\t\t<\/div>\n\t\t\t\t<\/div>\n\t\t\t\t\t<\/div>\n\t\t\t\t<\/div>\n\t\t<div class=\"elementor-element elementor-element-11539c5 e-flex e-con-boxed e-con\" data-id=\"11539c5\" data-element_type=\"container\" data-settings=\"{&quot;content_width&quot;:&quot;boxed&quot;}\">\n\t\t\t\t\t<div class=\"e-con-inner\">\n\t\t\t\t<div class=\"elementor-element elementor-element-b8998ac elementor-nav-menu__align-center elementor-nav-menu__text-align-center elementor-nav-menu--dropdown-tablet elementor-widget elementor-widget-nav-menu\" data-id=\"b8998ac\" data-element_type=\"widget\" data-settings=\"{&quot;layout&quot;:&quot;vertical&quot;,&quot;submenu_icon&quot;:{&quot;value&quot;:&quot;&lt;i class=\\&quot;\\&quot;&gt;&lt;\\\/i&gt;&quot;,&quot;library&quot;:&quot;&quot;},&quot;_animation&quot;:&quot;none&quot;}\" data-widget_type=\"nav-menu.default\">\n\t\t\t\t<div class=\"elementor-widget-container\">\n\t\t\t<link rel=\"stylesheet\" href=\"https:\/\/oefeb2024.phwien.ac.at\/wp-content\/plugins\/elementor-pro\/assets\/css\/widget-nav-menu.min.css\">\t\t\t<nav class=\"elementor-nav-menu--main elementor-nav-menu__container elementor-nav-menu--layout-vertical e--pointer-framed e--animation-fade\">\n\t\t\t\t<ul id=\"menu-1-b8998ac\" class=\"elementor-nav-menu sm-vertical\"><li class=\"menu-item menu-item-type-post_type menu-item-object-page menu-item-2215\"><a href=\"https:\/\/oefeb2024.phwien.ac.at\/index.php\/startseite\/anmeldung\/\" class=\"elementor-item\">\u00d6FEB Kongress<\/a><\/li>\n<li class=\"menu-item menu-item-type-post_type menu-item-object-page menu-item-2143\"><a href=\"https:\/\/oefeb2024.phwien.ac.at\/index.php\/startseite\/call-for-papers\/\" class=\"elementor-item\">Call for Papers<\/a><\/li>\n<li class=\"menu-item menu-item-type-post_type menu-item-object-page menu-item-2193\"><a href=\"https:\/\/oefeb2024.phwien.ac.at\/index.php\/leitfragen\/\" class=\"elementor-item\">Leitfragen<\/a><\/li>\n<li class=\"menu-item menu-item-type-post_type menu-item-object-page menu-item-2144\"><a href=\"https:\/\/oefeb2024.phwien.ac.at\/index.php\/beitragsformate\/\" class=\"elementor-item\">Beitragsformate<\/a><\/li>\n<\/ul>\t\t\t<\/nav>\n\t\t\t\t\t\t<nav class=\"elementor-nav-menu--dropdown elementor-nav-menu__container\" aria-hidden=\"true\">\n\t\t\t\t<ul id=\"menu-2-b8998ac\" class=\"elementor-nav-menu sm-vertical\"><li class=\"menu-item menu-item-type-post_type menu-item-object-page menu-item-2215\"><a href=\"https:\/\/oefeb2024.phwien.ac.at\/index.php\/startseite\/anmeldung\/\" class=\"elementor-item\" tabindex=\"-1\">\u00d6FEB Kongress<\/a><\/li>\n<li class=\"menu-item menu-item-type-post_type menu-item-object-page menu-item-2143\"><a href=\"https:\/\/oefeb2024.phwien.ac.at\/index.php\/startseite\/call-for-papers\/\" class=\"elementor-item\" tabindex=\"-1\">Call for Papers<\/a><\/li>\n<li class=\"menu-item menu-item-type-post_type menu-item-object-page menu-item-2193\"><a href=\"https:\/\/oefeb2024.phwien.ac.at\/index.php\/leitfragen\/\" class=\"elementor-item\" tabindex=\"-1\">Leitfragen<\/a><\/li>\n<li class=\"menu-item menu-item-type-post_type menu-item-object-page menu-item-2144\"><a href=\"https:\/\/oefeb2024.phwien.ac.at\/index.php\/beitragsformate\/\" class=\"elementor-item\" tabindex=\"-1\">Beitragsformate<\/a><\/li>\n<\/ul>\t\t\t<\/nav>\n\t\t\t\t<\/div>\n\t\t\t\t<\/div>\n\t\t\t\t\t<\/div>\n\t\t\t\t<\/div>\n\t\t\t\t<\/div>\n\t\t\t\t\t<\/div>\n\t\t\t\t<\/div>\n\t\t<div class=\"elementor-element elementor-element-4c91aa8 e-flex e-con-boxed e-con\" data-id=\"4c91aa8\" data-element_type=\"container\" data-settings=\"{&quot;content_width&quot;:&quot;boxed&quot;}\">\n\t\t\t\t\t<div class=\"e-con-inner\">\n\t\t<div class=\"elementor-element elementor-element-c8189e8 e-flex e-con-boxed e-con\" data-id=\"c8189e8\" data-element_type=\"container\" data-settings=\"{&quot;content_width&quot;:&quot;boxed&quot;}\">\n\t\t\t\t\t<div class=\"e-con-inner\">\n\t\t\t\t<div class=\"elementor-element elementor-element-7bbe3d2 elementor-widget elementor-widget-text-editor\" data-id=\"7bbe3d2\" data-element_type=\"widget\" data-widget_type=\"text-editor.default\">\n\t\t\t\t<div class=\"elementor-widget-container\">\n\t\t\t\t\t\t\t<p>In Bildungsinstitutionen l\u00e4sst sich zeigen, dass ein unterschiedliches Verst\u00e4ndnis von Diversit\u00e4t vor allem dann virulent wird, wenn Gleichheitserwartungen irritiert werden. Sichtbar wird das beispielsweise am Umgang mit sprachlichen Repertoires der Lernenden. Einerseits finden sich Ans\u00e4tze zur Erforschung von Diversit\u00e4t, die sich darauf konzentrieren, Erfahrungen \u00fcber die Lebensspanne zu beschreiben und einen p\u00e4dagogisch angemessenen Umgang mit den vermeintlich \u201enat\u00fcrlichen\u201c Unterschieden der Adressat*innen von Bildungsangeboten zu finden, sei es in der Elementar- oder Sozialp\u00e4dagogik, in der Erwachsenenbildung oder Schule. Andererseits l\u00e4sst sich eine Auseinandersetzung ausmachen, Unterschiede als soziale Konstruktion zu verstehen und danach zu fragen, wie jene Differenzen in Bildungsinstitutionen und durch Bildungsprozesse aufgerufen oder best\u00e4tigt werden.<\/p><p>Beispielsweise werden Diversit\u00e4tsdimensionen diskutiert, die dichotom strukturiert und mit einer inh\u00e4renten Logik der Auf- und Abwertung ausgestattet sind (M\u00e4nner\/Frauen, Inl\u00e4nder\/Ausl\u00e4nder, einsprachig\/mehrsprachig, etc.). In den neueren Zug\u00e4ngen wird der Fokus auf die Gleichzeitigkeit und verschr\u00e4nkte Wirksamkeit von Diversit\u00e4tsdimensionen (z.B.: Gender, Klasse, Ethnie, Behinderung, sexuelle Orientierung, Religion, Alter, Herkunft) gelegt, wie dies bspw. im Kontext der Intersektionalit\u00e4t deutlich wird. Dem liegt ein diskurstheoretisches Verst\u00e4ndnis von Diversit\u00e4t zugrunde, das bestimmte Diversit\u00e4ts- oder Differenzmerkmale nicht als dispositionell und damit als ver\u00e4nderlich betrachtet.<\/p><p>Dieses Verst\u00e4ndnis stellt sowohl qualitative als auch quantitative Forschung vor neue Herausforderungen. F\u00fcr die empirische Forschung stellt sich jedenfalls die Frage, wie mit Mehrfachzugeh\u00f6rigkeit auch im Sinne hybrider Identit\u00e4tsverst\u00e4ndnisse umzugehen ist und wie Grenzziehungen zwischen Kategorien beschaffen sein k\u00f6nnen, um diese nicht weiter zu verfestigen, sondern zur Disposition zu stellen.<\/p><p>Ausgehend von der Annahme, dass Diversit\u00e4t konstitutiver Bestandteil von Gesellschaften und damit auch von p\u00e4dagogischem Interesse ist, stehen am \u00d6FEB-Kongress 2024 Themen von Diversit\u00e4t in den verschiedenen Besch\u00e4ftigungsfeldern der \u00d6FEB-Sektionen im Zentrum. Gegenst\u00e4ndlich sind dementsprechend theoretische, empirische sowie didaktische Bestandsaufnahmen im Feld der bildungswissenschaftlichen Forschung zu Diversit\u00e4t.<\/p>\t\t\t\t\t\t<\/div>\n\t\t\t\t<\/div>\n\t\t\t\t\t<\/div>\n\t\t\t\t<\/div>\n\t\t\t\t\t<\/div>\n\t\t\t\t<\/div>\n\t\t<div class=\"elementor-element elementor-element-fe644d6 e-flex e-con-boxed e-con\" data-id=\"fe644d6\" data-element_type=\"container\" data-settings=\"{&quot;content_width&quot;:&quot;boxed&quot;}\">\n\t\t\t\t\t<div class=\"e-con-inner\">\n\t\t<div class=\"elementor-element elementor-element-5883272 e-con-full e-flex e-con\" data-id=\"5883272\" data-element_type=\"container\" data-settings=\"{&quot;content_width&quot;:&quot;full&quot;}\">\n\t\t\t\t<div class=\"elementor-element elementor-element-202e044 elementor-view-stacked elementor-shape-square elementor-widget elementor-widget-icon\" data-id=\"202e044\" data-element_type=\"widget\" data-widget_type=\"icon.default\">\n\t\t\t\t<div class=\"elementor-widget-container\">\n\t\t\t\t\t<div class=\"elementor-icon-wrapper\">\n\t\t\t<a class=\"elementor-icon\" href=\"https:\/\/oefeb2024.phwien.ac.at\/wp-content\/uploads\/2023\/10\/OeFEB-Call.pdf\" target=\"_blank\">\n\t\t\t<i aria-hidden=\"true\" class=\"fas fa-file-download\"><\/i>\t\t\t<\/a>\n\t\t<\/div>\n\t\t\t\t<\/div>\n\t\t\t\t<\/div>\n\t\t\t\t<\/div>\n\t\t<div class=\"elementor-element elementor-element-f1ede48 e-con-full e-flex e-con\" data-id=\"f1ede48\" data-element_type=\"container\" data-settings=\"{&quot;content_width&quot;:&quot;full&quot;}\">\n\t\t\t\t<div class=\"elementor-element elementor-element-9a29c63 elementor-widget__width-initial elementor-widget elementor-widget-text-editor\" data-id=\"9a29c63\" data-element_type=\"widget\" data-widget_type=\"text-editor.default\">\n\t\t\t\t<div class=\"elementor-widget-container\">\n\t\t\t\t\t\t\t<p><span style=\"text-decoration: underline;\"><span style=\"color: #cc0000; text-decoration: underline;\"><a style=\"color: #cc0000; text-decoration: underline;\" href=\"https:\/\/oefeb2024.phwien.ac.at\/wp-content\/uploads\/2023\/10\/OeFEB-Call.pdf\" target=\"_blank\" rel=\"noopener\">Call for Papers<\/a><\/span><\/span><\/p>\t\t\t\t\t\t<\/div>\n\t\t\t\t<\/div>\n\t\t\t\t<\/div>\n\t\t\t\t\t<\/div>\n\t\t\t\t<\/div>\n\t\t\t\t\t\t\t<\/div>\n\t\t","protected":false},"excerpt":{"rendered":"<p>Call for Papers Diversit\u00e4t diskursiv. Bildungswissenschaftliche Zug\u00e4nge und p\u00e4dagogische Perspektiven Diversit\u00e4t, Heterogenit\u00e4t und Vielfalt sind nur einige Begriffe, die Spannungsfelder in der Gesellschaft und damit Herausforderungen in der P\u00e4dagogik beschreiben \u2013 sowohl in der p\u00e4dagogischen Praxis als auch in den ihr zugrundeliegenden theoretischen Auseinandersetzungen. Bei aller Verschiedenheit der epistemologischen Grundannahmen und normativen Zielsetzungen dieser Debatten<span class=\"post-excerpt-end\">&hellip;<\/span><\/p>\n<p class=\"more-link\"><a href=\"https:\/\/oefeb2024.phwien.ac.at\/index.php\/startseite\/call-for-papers\/\" class=\"themebutton\">Read More<\/a><\/p>\n","protected":false},"author":1,"featured_media":0,"parent":12,"menu_order":2,"comment_status":"closed","ping_status":"closed","template":"","meta":{"footnotes":""},"class_list":["post-70","page","type-page","status-publish","hentry"],"_links":{"self":[{"href":"https:\/\/oefeb2024.phwien.ac.at\/index.php\/wp-json\/wp\/v2\/pages\/70","targetHints":{"allow":["GET"]}}],"collection":[{"href":"https:\/\/oefeb2024.phwien.ac.at\/index.php\/wp-json\/wp\/v2\/pages"}],"about":[{"href":"https:\/\/oefeb2024.phwien.ac.at\/index.php\/wp-json\/wp\/v2\/types\/page"}],"author":[{"embeddable":true,"href":"https:\/\/oefeb2024.phwien.ac.at\/index.php\/wp-json\/wp\/v2\/users\/1"}],"replies":[{"embeddable":true,"href":"https:\/\/oefeb2024.phwien.ac.at\/index.php\/wp-json\/wp\/v2\/comments?post=70"}],"version-history":[{"count":256,"href":"https:\/\/oefeb2024.phwien.ac.at\/index.php\/wp-json\/wp\/v2\/pages\/70\/revisions"}],"predecessor-version":[{"id":2482,"href":"https:\/\/oefeb2024.phwien.ac.at\/index.php\/wp-json\/wp\/v2\/pages\/70\/revisions\/2482"}],"up":[{"embeddable":true,"href":"https:\/\/oefeb2024.phwien.ac.at\/index.php\/wp-json\/wp\/v2\/pages\/12"}],"wp:attachment":[{"href":"https:\/\/oefeb2024.phwien.ac.at\/index.php\/wp-json\/wp\/v2\/media?parent=70"}],"curies":[{"name":"wp","href":"https:\/\/api.w.org\/{rel}","templated":true}]}}