{"id":75,"date":"2023-07-26T13:48:00","date_gmt":"2023-07-26T13:48:00","guid":{"rendered":"https:\/\/oefeb2024.phwien.ac.at\/?page_id=75"},"modified":"2024-08-23T09:07:41","modified_gmt":"2024-08-23T09:07:41","slug":"emerging-researcher","status":"publish","type":"page","link":"https:\/\/oefeb2024.phwien.ac.at\/index.php\/startseite\/emerging-researcher\/","title":{"rendered":"Pre-Conference"},"content":{"rendered":"\t\t<div data-elementor-type=\"wp-page\" data-elementor-id=\"75\" class=\"elementor elementor-75\" data-elementor-post-type=\"page\">\n\t\t\t\t\t\t\t<div class=\"elementor-element elementor-element-8f2d108 e-flex e-con-boxed e-con\" data-id=\"8f2d108\" data-element_type=\"container\" data-settings=\"{&quot;content_width&quot;:&quot;boxed&quot;}\">\n\t\t\t\t\t<div class=\"e-con-inner\">\n\t\t<div class=\"elementor-element elementor-element-48bb0cf e-con-full e-flex e-con\" data-id=\"48bb0cf\" data-element_type=\"container\" data-settings=\"{&quot;content_width&quot;:&quot;full&quot;}\">\n\t\t\t\t<div class=\"elementor-element elementor-element-12e623e elementor-widget elementor-widget-heading\" data-id=\"12e623e\" data-element_type=\"widget\" data-widget_type=\"heading.default\">\n\t\t\t\t<div class=\"elementor-widget-container\">\n\t\t\t<style>\/*! elementor - v3.15.0 - 31-07-2023 *\/\n.elementor-heading-title{padding:0;margin:0;line-height:1}.elementor-widget-heading .elementor-heading-title[class*=elementor-size-]>a{color:inherit;font-size:inherit;line-height:inherit}.elementor-widget-heading .elementor-heading-title.elementor-size-small{font-size:15px}.elementor-widget-heading .elementor-heading-title.elementor-size-medium{font-size:19px}.elementor-widget-heading .elementor-heading-title.elementor-size-large{font-size:29px}.elementor-widget-heading .elementor-heading-title.elementor-size-xl{font-size:39px}.elementor-widget-heading .elementor-heading-title.elementor-size-xxl{font-size:59px}<\/style><h2 class=\"elementor-heading-title elementor-size-default\">Pre-Conference<\/h2>\t\t<\/div>\n\t\t\t\t<\/div>\n\t\t\t\t<div class=\"elementor-element elementor-element-0d0fa54 elementor-widget elementor-widget-text-editor\" data-id=\"0d0fa54\" data-element_type=\"widget\" data-widget_type=\"text-editor.default\">\n\t\t\t\t<div class=\"elementor-widget-container\">\n\t\t\t<style>\/*! elementor - v3.15.0 - 31-07-2023 *\/\n.elementor-widget-text-editor.elementor-drop-cap-view-stacked .elementor-drop-cap{background-color:#69727d;color:#fff}.elementor-widget-text-editor.elementor-drop-cap-view-framed .elementor-drop-cap{color:#69727d;border:3px solid;background-color:transparent}.elementor-widget-text-editor:not(.elementor-drop-cap-view-default) .elementor-drop-cap{margin-top:8px}.elementor-widget-text-editor:not(.elementor-drop-cap-view-default) .elementor-drop-cap-letter{width:1em;height:1em}.elementor-widget-text-editor .elementor-drop-cap{float:left;text-align:center;line-height:1;font-size:50px}.elementor-widget-text-editor .elementor-drop-cap-letter{display:inline-block}<\/style>\t\t\t\t<p style=\"text-align: left;\"><span style=\"color: #000000;\">Bei der Tagung k\u00f6nnen Nachwuchwissenschafter*innen ihre Forschungsarbeiten vorstellen und ihr Wissen im Rahmen von Keynotes und Workshops vertiefen. Die Pre-Conference bietet au\u00dferdem die M\u00f6glichkeit des Kennenlernens von Kolleg*innen aus dem Bereich der Bildungsforschung und beinhaltet formelle sowie informelle Austauschformate. Es sind alle Nachwuchswissenschafter*innen in den unterschiedlichsten Phasen ihrer wissenschaftlichen Laufbahn herzlich willkommen. An diesem Tag steht das Thema <strong>\u201cDiversit\u00e4t diskursiv. Bildungswissenschaftliche Zug\u00e4nge und p\u00e4dagogische Perspektiven\u201d<\/strong> im Vordergrund. <\/span><\/p><p><span style=\"color: #000000;\"><strong>Mit diesem thematischen Schwerpunkt wird die Pre-Conference spannende Beitr\u00e4ge von Nachwuchswissenschaftler*innen sowie zwei Keynotes von renommierten Wissenschaftlerinnen bieten<\/strong>.\u00a0<\/span><\/p><p><span style=\"color: #000000;\">Wir freuen uns, folgende <strong>Keynotespeakerinnen<\/strong> ank\u00fcndigen zu d\u00fcrfen:<\/span><\/p><ul><li><span style=\"color: #000000;\"><strong>Postdoc.Ass.in Mag.a Dr.in Viktorija Ratkovi\u0107<\/strong> (Universit\u00e4t Klagenfurt) &amp;<strong> Juliana Krohn, MA<\/strong> (Universit\u00e4t Innsbruck), Titel der Keynote: \u201eVon W\u00e4nden und T\u00fcren im Wissenschaftsbetrieb. Feministische Forschung als eine Praxis der F\u00fcrsorge\u201c<\/span><\/li><li><span style=\"color: #000000;\"><strong>Prof.in Mag.a Dr.in Michelle Proyer<\/strong> (Universit\u00e4t Luxemburg), Titel der Keynote: <em>\u201eInklusive P\u00e4dagogik in Krisenzeiten \u2013 Von Standhaftigkeit, Grabenk\u00e4mpfen und Ausverhandlungsprozessen<\/em>\u201c<\/span><\/li><\/ul><p><span style=\"color: #000000;\">Das Detailprogramm der Pre-Conference finden Sie hier: <a href=\"https:\/\/oefeb2024.phwien.ac.at\/index.php\/detailprogramm-pre-conference\/\"><span style=\"text-decoration: underline; color: #0000ff;\">https:\/\/oefeb2024.phwien.ac.at\/index.php\/detailprogramm-pre-conference\/<\/span><\/a><\/span><\/p>\t\t\t\t\t\t<\/div>\n\t\t\t\t<\/div>\n\t\t\t\t<\/div>\n\t\t<div class=\"elementor-element elementor-element-63a2807 e-con-full e-flex e-con\" data-id=\"63a2807\" data-element_type=\"container\" data-settings=\"{&quot;content_width&quot;:&quot;full&quot;}\">\n\t\t<div class=\"elementor-element elementor-element-a5c88cd e-flex e-con-boxed e-con\" data-id=\"a5c88cd\" data-element_type=\"container\" data-settings=\"{&quot;content_width&quot;:&quot;boxed&quot;}\">\n\t\t\t\t\t<div class=\"e-con-inner\">\n\t\t\t\t<div class=\"elementor-element elementor-element-9de6d49 elementor-widget elementor-widget-heading\" data-id=\"9de6d49\" data-element_type=\"widget\" data-widget_type=\"heading.default\">\n\t\t\t\t<div class=\"elementor-widget-container\">\n\t\t\t<h3 class=\"elementor-heading-title elementor-size-default\">Pre-Conference<\/h3>\t\t<\/div>\n\t\t\t\t<\/div>\n\t\t\t\t<div class=\"elementor-element elementor-element-5055fdc elementor-widget elementor-widget-text-editor\" data-id=\"5055fdc\" data-element_type=\"widget\" data-widget_type=\"text-editor.default\">\n\t\t\t\t<div class=\"elementor-widget-container\">\n\t\t\t\t\t\t\t<p><span style=\"color: #000000;\"><strong>24. September 2024<\/strong><\/span><\/p>\t\t\t\t\t\t<\/div>\n\t\t\t\t<\/div>\n\t\t\t\t\t<\/div>\n\t\t\t\t<\/div>\n\t\t\t\t<div class=\"elementor-element elementor-element-770faea elementor-nav-menu__align-center elementor-nav-menu__text-align-center elementor-nav-menu--dropdown-tablet elementor-widget elementor-widget-nav-menu\" data-id=\"770faea\" data-element_type=\"widget\" data-settings=\"{&quot;layout&quot;:&quot;vertical&quot;,&quot;submenu_icon&quot;:{&quot;value&quot;:&quot;&lt;i class=\\&quot;\\&quot;&gt;&lt;\\\/i&gt;&quot;,&quot;library&quot;:&quot;&quot;},&quot;_animation&quot;:&quot;none&quot;}\" data-widget_type=\"nav-menu.default\">\n\t\t\t\t<div class=\"elementor-widget-container\">\n\t\t\t<link rel=\"stylesheet\" href=\"https:\/\/oefeb2024.phwien.ac.at\/wp-content\/plugins\/elementor-pro\/assets\/css\/widget-nav-menu.min.css\">\t\t\t<nav class=\"elementor-nav-menu--main elementor-nav-menu__container elementor-nav-menu--layout-vertical e--pointer-framed e--animation-fade\">\n\t\t\t\t<ul id=\"menu-1-770faea\" class=\"elementor-nav-menu sm-vertical\"><li class=\"menu-item menu-item-type-post_type menu-item-object-page menu-item-2239\"><a href=\"https:\/\/oefeb2024.phwien.ac.at\/index.php\/startseite\/emerging-researcher\/\" class=\"elementor-item\">Pre-Conference<\/a><\/li>\n<li class=\"menu-item menu-item-type-post_type menu-item-object-page menu-item-2316\"><a href=\"https:\/\/oefeb2024.phwien.ac.at\/index.php\/call-for-papers-pre-conference\/\" class=\"elementor-item\">Call for Papers<\/a><\/li>\n<li class=\"menu-item menu-item-type-post_type menu-item-object-page menu-item-2311\"><a href=\"https:\/\/oefeb2024.phwien.ac.at\/index.php\/beitragsformate-pre-conference\/\" class=\"elementor-item\">Beitragsformate<\/a><\/li>\n<li class=\"menu-item menu-item-type-post_type menu-item-object-page menu-item-2793\"><a href=\"https:\/\/oefeb2024.phwien.ac.at\/index.php\/detailprogramm-pre-conference\/\" class=\"elementor-item\">Detailprogramm \u2013 Pre-Conference<\/a><\/li>\n<\/ul>\t\t\t<\/nav>\n\t\t\t\t\t\t<nav class=\"elementor-nav-menu--dropdown elementor-nav-menu__container\" aria-hidden=\"true\">\n\t\t\t\t<ul id=\"menu-2-770faea\" class=\"elementor-nav-menu sm-vertical\"><li class=\"menu-item menu-item-type-post_type menu-item-object-page menu-item-2239\"><a href=\"https:\/\/oefeb2024.phwien.ac.at\/index.php\/startseite\/emerging-researcher\/\" class=\"elementor-item\" tabindex=\"-1\">Pre-Conference<\/a><\/li>\n<li class=\"menu-item menu-item-type-post_type menu-item-object-page menu-item-2316\"><a href=\"https:\/\/oefeb2024.phwien.ac.at\/index.php\/call-for-papers-pre-conference\/\" class=\"elementor-item\" tabindex=\"-1\">Call for Papers<\/a><\/li>\n<li class=\"menu-item menu-item-type-post_type menu-item-object-page menu-item-2311\"><a href=\"https:\/\/oefeb2024.phwien.ac.at\/index.php\/beitragsformate-pre-conference\/\" class=\"elementor-item\" tabindex=\"-1\">Beitragsformate<\/a><\/li>\n<li class=\"menu-item menu-item-type-post_type menu-item-object-page menu-item-2793\"><a href=\"https:\/\/oefeb2024.phwien.ac.at\/index.php\/detailprogramm-pre-conference\/\" class=\"elementor-item\" tabindex=\"-1\">Detailprogramm \u2013 Pre-Conference<\/a><\/li>\n<\/ul>\t\t\t<\/nav>\n\t\t\t\t<\/div>\n\t\t\t\t<\/div>\n\t\t\t\t<\/div>\n\t\t\t\t\t<\/div>\n\t\t\t\t<\/div>\n\t\t<div class=\"elementor-element elementor-element-551d821 e-flex e-con-boxed e-con\" data-id=\"551d821\" data-element_type=\"container\" data-settings=\"{&quot;content_width&quot;:&quot;boxed&quot;}\">\n\t\t\t\t\t<div class=\"e-con-inner\">\n\t\t\t\t<div class=\"elementor-element elementor-element-6287f26 elementor-widget-divider--view-line elementor-widget elementor-widget-divider\" data-id=\"6287f26\" data-element_type=\"widget\" data-widget_type=\"divider.default\">\n\t\t\t\t<div class=\"elementor-widget-container\">\n\t\t\t<style>\/*! elementor - v3.15.0 - 31-07-2023 *\/\n.elementor-widget-divider{--divider-border-style:none;--divider-border-width:1px;--divider-color:#0c0d0e;--divider-icon-size:20px;--divider-element-spacing:10px;--divider-pattern-height:24px;--divider-pattern-size:20px;--divider-pattern-url:none;--divider-pattern-repeat:repeat-x}.elementor-widget-divider .elementor-divider{display:flex}.elementor-widget-divider .elementor-divider__text{font-size:15px;line-height:1;max-width:95%}.elementor-widget-divider .elementor-divider__element{margin:0 var(--divider-element-spacing);flex-shrink:0}.elementor-widget-divider .elementor-icon{font-size:var(--divider-icon-size)}.elementor-widget-divider .elementor-divider-separator{display:flex;margin:0;direction:ltr}.elementor-widget-divider--view-line_icon .elementor-divider-separator,.elementor-widget-divider--view-line_text .elementor-divider-separator{align-items:center}.elementor-widget-divider--view-line_icon .elementor-divider-separator:after,.elementor-widget-divider--view-line_icon .elementor-divider-separator:before,.elementor-widget-divider--view-line_text .elementor-divider-separator:after,.elementor-widget-divider--view-line_text .elementor-divider-separator:before{display:block;content:\"\";border-bottom:0;flex-grow:1;border-top:var(--divider-border-width) var(--divider-border-style) var(--divider-color)}.elementor-widget-divider--element-align-left .elementor-divider .elementor-divider-separator>.elementor-divider__svg:first-of-type{flex-grow:0;flex-shrink:100}.elementor-widget-divider--element-align-left .elementor-divider-separator:before{content:none}.elementor-widget-divider--element-align-left .elementor-divider__element{margin-left:0}.elementor-widget-divider--element-align-right .elementor-divider .elementor-divider-separator>.elementor-divider__svg:last-of-type{flex-grow:0;flex-shrink:100}.elementor-widget-divider--element-align-right .elementor-divider-separator:after{content:none}.elementor-widget-divider--element-align-right .elementor-divider__element{margin-right:0}.elementor-widget-divider:not(.elementor-widget-divider--view-line_text):not(.elementor-widget-divider--view-line_icon) .elementor-divider-separator{border-top:var(--divider-border-width) var(--divider-border-style) var(--divider-color)}.elementor-widget-divider--separator-type-pattern{--divider-border-style:none}.elementor-widget-divider--separator-type-pattern.elementor-widget-divider--view-line .elementor-divider-separator,.elementor-widget-divider--separator-type-pattern:not(.elementor-widget-divider--view-line) .elementor-divider-separator:after,.elementor-widget-divider--separator-type-pattern:not(.elementor-widget-divider--view-line) .elementor-divider-separator:before,.elementor-widget-divider--separator-type-pattern:not([class*=elementor-widget-divider--view]) .elementor-divider-separator{width:100%;min-height:var(--divider-pattern-height);-webkit-mask-size:var(--divider-pattern-size) 100%;mask-size:var(--divider-pattern-size) 100%;-webkit-mask-repeat:var(--divider-pattern-repeat);mask-repeat:var(--divider-pattern-repeat);background-color:var(--divider-color);-webkit-mask-image:var(--divider-pattern-url);mask-image:var(--divider-pattern-url)}.elementor-widget-divider--no-spacing{--divider-pattern-size:auto}.elementor-widget-divider--bg-round{--divider-pattern-repeat:round}.rtl .elementor-widget-divider .elementor-divider__text{direction:rtl}.e-con-inner>.elementor-widget-divider,.e-con>.elementor-widget-divider{width:var(--container-widget-width,100%);--flex-grow:var(--container-widget-flex-grow)}<\/style>\t\t<div class=\"elementor-divider\">\n\t\t\t<span class=\"elementor-divider-separator\">\n\t\t\t\t\t\t<\/span>\n\t\t<\/div>\n\t\t\t\t<\/div>\n\t\t\t\t<\/div>\n\t\t\t\t<div class=\"elementor-element elementor-element-414db9b elementor-widget elementor-widget-heading\" data-id=\"414db9b\" data-element_type=\"widget\" data-widget_type=\"heading.default\">\n\t\t\t\t<div class=\"elementor-widget-container\">\n\t\t\t<h2 class=\"elementor-heading-title elementor-size-default\">Informationen<\/h2>\t\t<\/div>\n\t\t\t\t<\/div>\n\t\t\t\t<div class=\"elementor-element elementor-element-2cbc41e elementor-widget elementor-widget-text-editor\" data-id=\"2cbc41e\" data-element_type=\"widget\" data-widget_type=\"text-editor.default\">\n\t\t\t\t<div class=\"elementor-widget-container\">\n\t\t\t\t\t\t\t<p>Pre-Conference Datum <span style=\"color: #cc0000;\"><strong>24. September 2024<\/strong><\/span><br \/>Einreichungsfrist f\u00fcr Beitr\u00e4ge <strong><span style=\"color: #cc0000;\">01.Oktober 2023 &#8211; 15. Mai 2024<br \/><\/span><\/strong>Die Teilnahme an der Pre-Conference ist kostenlos.\u00a0<\/p><p><strong>F\u00fcr die Teilnahme an der Pre-Conference (mit oder ohne Pr\u00e4sentation eines eigenen Beitrags) ist eine Anmeldung unbedingt erforderlich.<\/strong><\/p><p>Wir hoffen, m\u00f6glichst vielen von euch auf der ER-Tagung 2024 zu begegnen und eure Forschungsarbeiten kennenzulernen!<\/p><p>Eure Vertretung der Emerging Researchers,<br \/>Flora Woltran, Claudia Weinzettl, Larissa Wicker und Franziska Lessky<\/p><p>Bei Fragen oder Anregungen zur Pre-Conference wendet euch bitte an die folgende E-Mail-Adresse: <span style=\"text-decoration: underline;\"><span style=\"color: #0000ff;\"><a style=\"color: #0000ff; text-decoration: underline;\" href=\"mailto:er@oefeb.at\">er@oefeb.at<\/a><\/span><\/span><\/p>\t\t\t\t\t\t<\/div>\n\t\t\t\t<\/div>\n\t\t\t\t\t<\/div>\n\t\t\t\t<\/div>\n\t\t\t\t\t\t\t<\/div>\n\t\t","protected":false},"excerpt":{"rendered":"<p>Pre-Conference Bei der Tagung k\u00f6nnen Nachwuchwissenschafter*innen ihre Forschungsarbeiten vorstellen und ihr Wissen im Rahmen von Keynotes und Workshops vertiefen. Die Pre-Conference bietet au\u00dferdem die M\u00f6glichkeit des Kennenlernens von Kolleg*innen aus dem Bereich der Bildungsforschung und beinhaltet formelle sowie informelle Austauschformate. Es sind alle Nachwuchswissenschafter*innen in den unterschiedlichsten Phasen ihrer wissenschaftlichen Laufbahn herzlich willkommen. An diesem<span class=\"post-excerpt-end\">&hellip;<\/span><\/p>\n<p class=\"more-link\"><a href=\"https:\/\/oefeb2024.phwien.ac.at\/index.php\/startseite\/emerging-researcher\/\" class=\"themebutton\">Read More<\/a><\/p>\n","protected":false},"author":1,"featured_media":0,"parent":12,"menu_order":4,"comment_status":"closed","ping_status":"closed","template":"","meta":{"footnotes":""},"class_list":["post-75","page","type-page","status-publish","hentry"],"_links":{"self":[{"href":"https:\/\/oefeb2024.phwien.ac.at\/index.php\/wp-json\/wp\/v2\/pages\/75","targetHints":{"allow":["GET"]}}],"collection":[{"href":"https:\/\/oefeb2024.phwien.ac.at\/index.php\/wp-json\/wp\/v2\/pages"}],"about":[{"href":"https:\/\/oefeb2024.phwien.ac.at\/index.php\/wp-json\/wp\/v2\/types\/page"}],"author":[{"embeddable":true,"href":"https:\/\/oefeb2024.phwien.ac.at\/index.php\/wp-json\/wp\/v2\/users\/1"}],"replies":[{"embeddable":true,"href":"https:\/\/oefeb2024.phwien.ac.at\/index.php\/wp-json\/wp\/v2\/comments?post=75"}],"version-history":[{"count":110,"href":"https:\/\/oefeb2024.phwien.ac.at\/index.php\/wp-json\/wp\/v2\/pages\/75\/revisions"}],"predecessor-version":[{"id":2873,"href":"https:\/\/oefeb2024.phwien.ac.at\/index.php\/wp-json\/wp\/v2\/pages\/75\/revisions\/2873"}],"up":[{"embeddable":true,"href":"https:\/\/oefeb2024.phwien.ac.at\/index.php\/wp-json\/wp\/v2\/pages\/12"}],"wp:attachment":[{"href":"https:\/\/oefeb2024.phwien.ac.at\/index.php\/wp-json\/wp\/v2\/media?parent=75"}],"curies":[{"name":"wp","href":"https:\/\/api.w.org\/{rel}","templated":true}]}}