{"id":83,"date":"2023-07-26T13:51:33","date_gmt":"2023-07-26T13:51:33","guid":{"rendered":"https:\/\/oefeb2024.phwien.ac.at\/?page_id=83"},"modified":"2023-10-10T09:26:29","modified_gmt":"2023-10-10T09:26:29","slug":"kontakt","status":"publish","type":"page","link":"https:\/\/oefeb2024.phwien.ac.at\/index.php\/startseite\/kontakt\/","title":{"rendered":"Kontakt"},"content":{"rendered":"\t\t<div data-elementor-type=\"wp-page\" data-elementor-id=\"83\" class=\"elementor elementor-83\" data-elementor-post-type=\"page\">\n\t\t\t\t\t\t\t<div class=\"elementor-element elementor-element-40ca78cb e-flex e-con-boxed e-con\" data-id=\"40ca78cb\" data-element_type=\"container\" data-settings=\"{&quot;content_width&quot;:&quot;boxed&quot;}\">\n\t\t\t\t\t<div class=\"e-con-inner\">\n\t\t<div class=\"elementor-element elementor-element-5ee28a0d e-con-full e-flex e-con\" data-id=\"5ee28a0d\" data-element_type=\"container\" data-settings=\"{&quot;content_width&quot;:&quot;full&quot;}\">\n\t\t\t\t<div class=\"elementor-element elementor-element-5a0dbf62 elementor-widget elementor-widget-heading\" data-id=\"5a0dbf62\" data-element_type=\"widget\" data-widget_type=\"heading.default\">\n\t\t\t\t<div class=\"elementor-widget-container\">\n\t\t\t<style>\/*! elementor - v3.15.0 - 31-07-2023 *\/\n.elementor-heading-title{padding:0;margin:0;line-height:1}.elementor-widget-heading .elementor-heading-title[class*=elementor-size-]>a{color:inherit;font-size:inherit;line-height:inherit}.elementor-widget-heading .elementor-heading-title.elementor-size-small{font-size:15px}.elementor-widget-heading .elementor-heading-title.elementor-size-medium{font-size:19px}.elementor-widget-heading .elementor-heading-title.elementor-size-large{font-size:29px}.elementor-widget-heading .elementor-heading-title.elementor-size-xl{font-size:39px}.elementor-widget-heading .elementor-heading-title.elementor-size-xxl{font-size:59px}<\/style><h2 class=\"elementor-heading-title elementor-size-default\">Kontakt<\/h2>\t\t<\/div>\n\t\t\t\t<\/div>\n\t\t\t\t<div class=\"elementor-element elementor-element-b15b4e7 elementor-widget elementor-widget-text-editor\" data-id=\"b15b4e7\" data-element_type=\"widget\" data-widget_type=\"text-editor.default\">\n\t\t\t\t<div class=\"elementor-widget-container\">\n\t\t\t<style>\/*! elementor - v3.15.0 - 31-07-2023 *\/\n.elementor-widget-text-editor.elementor-drop-cap-view-stacked .elementor-drop-cap{background-color:#69727d;color:#fff}.elementor-widget-text-editor.elementor-drop-cap-view-framed .elementor-drop-cap{color:#69727d;border:3px solid;background-color:transparent}.elementor-widget-text-editor:not(.elementor-drop-cap-view-default) .elementor-drop-cap{margin-top:8px}.elementor-widget-text-editor:not(.elementor-drop-cap-view-default) .elementor-drop-cap-letter{width:1em;height:1em}.elementor-widget-text-editor .elementor-drop-cap{float:left;text-align:center;line-height:1;font-size:50px}.elementor-widget-text-editor .elementor-drop-cap-letter{display:inline-block}<\/style>\t\t\t\t<!-- wp:paragraph -->\n<p><strong><span style=\"color: #242424;\">P\u00e4dagogische Hochschule Wien<\/span><\/strong><br \/><span style=\"color: #242424;\">Grenzackerstra\u00dfe 18<\/span><br \/><span style=\"color: #242424;\">1100 Wien<\/span><br \/><span style=\"color: #242424;\">\u00d6sterreich<\/span><\/p>\n<p><span style=\"color: #242424;\"><!-- \/wp:paragraph --><!-- wp:paragraph --><\/span><\/p>\n<p><span style=\"color: #242424;\">Kontaktadresse:<\/span>\u00a0<span style=\"color: #cc0000;\"><a style=\"color: #cc0000;\" href=\"mailto:oefeb2024@phwien.ac.at\" target=\"_blank\" rel=\"noopener\">oefeb2024@phwien.ac.at<\/a><\/span><\/p>\n<!-- \/wp:paragraph -->\t\t\t\t\t\t<\/div>\n\t\t\t\t<\/div>\n\t\t\t\t<\/div>\n\t\t<div class=\"elementor-element elementor-element-ecf8abd e-con-full e-flex e-con\" data-id=\"ecf8abd\" data-element_type=\"container\" data-settings=\"{&quot;content_width&quot;:&quot;full&quot;}\">\n\t\t<div class=\"elementor-element elementor-element-549ce6cb e-flex e-con-boxed e-con\" data-id=\"549ce6cb\" data-element_type=\"container\" data-settings=\"{&quot;content_width&quot;:&quot;boxed&quot;}\">\n\t\t\t\t\t<div class=\"e-con-inner\">\n\t\t\t\t<div class=\"elementor-element elementor-element-7c7eb00b elementor-widget elementor-widget-heading\" data-id=\"7c7eb00b\" data-element_type=\"widget\" data-widget_type=\"heading.default\">\n\t\t\t\t<div class=\"elementor-widget-container\">\n\t\t\t<h3 class=\"elementor-heading-title elementor-size-default\">Pre-Conference<\/h3>\t\t<\/div>\n\t\t\t\t<\/div>\n\t\t\t\t<div class=\"elementor-element elementor-element-501c5158 elementor-widget elementor-widget-text-editor\" data-id=\"501c5158\" data-element_type=\"widget\" data-widget_type=\"text-editor.default\">\n\t\t\t\t<div class=\"elementor-widget-container\">\n\t\t\t\t\t\t\t<p><span style=\"color: #000000;\"><strong>24. September 2024<\/strong><\/span><\/p>\t\t\t\t\t\t<\/div>\n\t\t\t\t<\/div>\n\t\t\t\t<div class=\"elementor-element elementor-element-120f36a elementor-align-center elementor-widget elementor-widget-button\" data-id=\"120f36a\" data-element_type=\"widget\" data-widget_type=\"button.default\">\n\t\t\t\t<div class=\"elementor-widget-container\">\n\t\t\t\t\t<div class=\"elementor-button-wrapper\">\n\t\t\t<a class=\"elementor-button elementor-button-link elementor-size-sm\" href=\"https:\/\/oefeb2024.phwien.ac.at\/index.php\/startseite\/emerging-researcher\/\" target=\"_blank\">\n\t\t\t\t\t\t<span class=\"elementor-button-content-wrapper\">\n\t\t\t\t\t\t<span class=\"elementor-button-text\">INFORMATIONEN<\/span>\n\t\t<\/span>\n\t\t\t\t\t<\/a>\n\t\t<\/div>\n\t\t\t\t<\/div>\n\t\t\t\t<\/div>\n\t\t\t\t\t<\/div>\n\t\t\t\t<\/div>\n\t\t<div class=\"elementor-element elementor-element-185de33a e-flex e-con-boxed e-con\" data-id=\"185de33a\" data-element_type=\"container\" data-settings=\"{&quot;content_width&quot;:&quot;boxed&quot;}\">\n\t\t\t\t\t<div class=\"e-con-inner\">\n\t\t\t\t<div class=\"elementor-element elementor-element-2db326bc elementor-widget elementor-widget-heading\" data-id=\"2db326bc\" data-element_type=\"widget\" data-widget_type=\"heading.default\">\n\t\t\t\t<div class=\"elementor-widget-container\">\n\t\t\t<h3 class=\"elementor-heading-title elementor-size-default\">Kongress<\/h3>\t\t<\/div>\n\t\t\t\t<\/div>\n\t\t\t\t<div class=\"elementor-element elementor-element-1b3d0ffc elementor-widget elementor-widget-text-editor\" data-id=\"1b3d0ffc\" data-element_type=\"widget\" data-widget_type=\"text-editor.default\">\n\t\t\t\t<div class=\"elementor-widget-container\">\n\t\t\t\t\t\t\t<p><span style=\"color: #000000;\"><strong>24. &#8211; 27. September 2024<\/strong><\/span><\/p>\t\t\t\t\t\t<\/div>\n\t\t\t\t<\/div>\n\t\t\t\t<div class=\"elementor-element elementor-element-bb0afb9 elementor-align-center elementor-widget elementor-widget-button\" data-id=\"bb0afb9\" data-element_type=\"widget\" data-widget_type=\"button.default\">\n\t\t\t\t<div class=\"elementor-widget-container\">\n\t\t\t\t\t<div class=\"elementor-button-wrapper\">\n\t\t\t<a class=\"elementor-button elementor-button-link elementor-size-sm\" href=\"https:\/\/oefeb2024.phwien.ac.at\/index.php\/startseite\/anmeldung\/\" target=\"_blank\">\n\t\t\t\t\t\t<span class=\"elementor-button-content-wrapper\">\n\t\t\t\t\t\t<span class=\"elementor-button-text\">INFORMATIONEN<\/span>\n\t\t<\/span>\n\t\t\t\t\t<\/a>\n\t\t<\/div>\n\t\t\t\t<\/div>\n\t\t\t\t<\/div>\n\t\t\t\t\t<\/div>\n\t\t\t\t<\/div>\n\t\t\t\t<div class=\"elementor-element elementor-element-38217c15 elementor-nav-menu__align-center elementor-nav-menu__text-align-center elementor-nav-menu--dropdown-tablet elementor-widget elementor-widget-nav-menu\" data-id=\"38217c15\" data-element_type=\"widget\" data-settings=\"{&quot;layout&quot;:&quot;vertical&quot;,&quot;submenu_icon&quot;:{&quot;value&quot;:&quot;&lt;i class=\\&quot;\\&quot;&gt;&lt;\\\/i&gt;&quot;,&quot;library&quot;:&quot;&quot;},&quot;_animation&quot;:&quot;none&quot;}\" data-widget_type=\"nav-menu.default\">\n\t\t\t\t<div class=\"elementor-widget-container\">\n\t\t\t<link rel=\"stylesheet\" href=\"https:\/\/oefeb2024.phwien.ac.at\/wp-content\/plugins\/elementor-pro\/assets\/css\/widget-nav-menu.min.css\">\t\t\t<nav class=\"elementor-nav-menu--main elementor-nav-menu__container elementor-nav-menu--layout-vertical e--pointer-framed e--animation-fade\">\n\t\t\t\t<ul id=\"menu-1-38217c15\" class=\"elementor-nav-menu sm-vertical\"><li class=\"menu-item menu-item-type-post_type menu-item-object-page menu-item-2401\"><a href=\"https:\/\/oefeb2024.phwien.ac.at\/index.php\/startseite\/info\/\" class=\"elementor-item\">Information<\/a><\/li>\n<li class=\"menu-item menu-item-type-post_type menu-item-object-page menu-item-2381\"><a href=\"https:\/\/oefeb2024.phwien.ac.at\/index.php\/startseite\/anmeldung\/anreise\/\" class=\"elementor-item\">Anreise<\/a><\/li>\n<li class=\"menu-item menu-item-type-post_type menu-item-object-page menu-item-2380\"><a href=\"https:\/\/oefeb2024.phwien.ac.at\/index.php\/startseite\/anmeldung\/hotelempfehlungen\/\" class=\"elementor-item\">Hotelempfehlungen<\/a><\/li>\n<li class=\"menu-item menu-item-type-post_type menu-item-object-page menu-item-2383\"><a href=\"https:\/\/oefeb2024.phwien.ac.at\/index.php\/startseite\/kontakt\/\" class=\"elementor-item\">Kontakt<\/a><\/li>\n<li class=\"menu-item menu-item-type-post_type menu-item-object-page menu-item-2382\"><a href=\"https:\/\/oefeb2024.phwien.ac.at\/index.php\/startseite\/impressum\/\" class=\"elementor-item\">Impressum<\/a><\/li>\n<li class=\"menu-item menu-item-type-post_type menu-item-object-page menu-item-2385\"><a href=\"https:\/\/oefeb2024.phwien.ac.at\/index.php\/startseite\/impressum\/datenschutzerklaerung\/\" class=\"elementor-item\">Datenschutz<\/a><\/li>\n<\/ul>\t\t\t<\/nav>\n\t\t\t\t\t\t<nav class=\"elementor-nav-menu--dropdown elementor-nav-menu__container\" aria-hidden=\"true\">\n\t\t\t\t<ul id=\"menu-2-38217c15\" class=\"elementor-nav-menu sm-vertical\"><li class=\"menu-item menu-item-type-post_type menu-item-object-page menu-item-2401\"><a href=\"https:\/\/oefeb2024.phwien.ac.at\/index.php\/startseite\/info\/\" class=\"elementor-item\" tabindex=\"-1\">Information<\/a><\/li>\n<li class=\"menu-item menu-item-type-post_type menu-item-object-page menu-item-2381\"><a href=\"https:\/\/oefeb2024.phwien.ac.at\/index.php\/startseite\/anmeldung\/anreise\/\" class=\"elementor-item\" tabindex=\"-1\">Anreise<\/a><\/li>\n<li class=\"menu-item menu-item-type-post_type menu-item-object-page menu-item-2380\"><a href=\"https:\/\/oefeb2024.phwien.ac.at\/index.php\/startseite\/anmeldung\/hotelempfehlungen\/\" class=\"elementor-item\" tabindex=\"-1\">Hotelempfehlungen<\/a><\/li>\n<li class=\"menu-item menu-item-type-post_type menu-item-object-page menu-item-2383\"><a href=\"https:\/\/oefeb2024.phwien.ac.at\/index.php\/startseite\/kontakt\/\" class=\"elementor-item\" tabindex=\"-1\">Kontakt<\/a><\/li>\n<li class=\"menu-item menu-item-type-post_type menu-item-object-page menu-item-2382\"><a href=\"https:\/\/oefeb2024.phwien.ac.at\/index.php\/startseite\/impressum\/\" class=\"elementor-item\" tabindex=\"-1\">Impressum<\/a><\/li>\n<li class=\"menu-item menu-item-type-post_type menu-item-object-page menu-item-2385\"><a href=\"https:\/\/oefeb2024.phwien.ac.at\/index.php\/startseite\/impressum\/datenschutzerklaerung\/\" class=\"elementor-item\" tabindex=\"-1\">Datenschutz<\/a><\/li>\n<\/ul>\t\t\t<\/nav>\n\t\t\t\t<\/div>\n\t\t\t\t<\/div>\n\t\t\t\t<\/div>\n\t\t\t\t\t<\/div>\n\t\t\t\t<\/div>\n\t\t\t\t\t\t\t<\/div>\n\t\t","protected":false},"excerpt":{"rendered":"<p>Kontakt P\u00e4dagogische Hochschule WienGrenzackerstra\u00dfe 181100 Wien\u00d6sterreich Kontaktadresse:\u00a0oefeb2024@phwien.ac.at Pre-Conference 24. September 2024 INFORMATIONEN Kongress 24. &#8211; 27. September 2024 INFORMATIONEN<\/p>\n","protected":false},"author":1,"featured_media":0,"parent":12,"menu_order":10,"comment_status":"closed","ping_status":"closed","template":"","meta":{"footnotes":""},"class_list":["post-83","page","type-page","status-publish","hentry"],"_links":{"self":[{"href":"https:\/\/oefeb2024.phwien.ac.at\/index.php\/wp-json\/wp\/v2\/pages\/83","targetHints":{"allow":["GET"]}}],"collection":[{"href":"https:\/\/oefeb2024.phwien.ac.at\/index.php\/wp-json\/wp\/v2\/pages"}],"about":[{"href":"https:\/\/oefeb2024.phwien.ac.at\/index.php\/wp-json\/wp\/v2\/types\/page"}],"author":[{"embeddable":true,"href":"https:\/\/oefeb2024.phwien.ac.at\/index.php\/wp-json\/wp\/v2\/users\/1"}],"replies":[{"embeddable":true,"href":"https:\/\/oefeb2024.phwien.ac.at\/index.php\/wp-json\/wp\/v2\/comments?post=83"}],"version-history":[{"count":33,"href":"https:\/\/oefeb2024.phwien.ac.at\/index.php\/wp-json\/wp\/v2\/pages\/83\/revisions"}],"predecessor-version":[{"id":2413,"href":"https:\/\/oefeb2024.phwien.ac.at\/index.php\/wp-json\/wp\/v2\/pages\/83\/revisions\/2413"}],"up":[{"embeddable":true,"href":"https:\/\/oefeb2024.phwien.ac.at\/index.php\/wp-json\/wp\/v2\/pages\/12"}],"wp:attachment":[{"href":"https:\/\/oefeb2024.phwien.ac.at\/index.php\/wp-json\/wp\/v2\/media?parent=83"}],"curies":[{"name":"wp","href":"https:\/\/api.w.org\/{rel}","templated":true}]}}